{"id":2538,"date":"2022-02-09T14:32:02","date_gmt":"2022-02-09T14:32:02","guid":{"rendered":"https:\/\/www.algarveadapta.pt\/?page_id=2538"},"modified":"2022-02-22T10:56:51","modified_gmt":"2022-02-22T10:56:51","slug":"communication-campaign","status":"publish","type":"page","link":"https:\/\/www.algarveadapta.pt\/en\/communication-campaign\/","title":{"rendered":"Communication Campaign"},"content":{"rendered":"\t\t<div data-elementor-type=\"wp-page\" data-elementor-id=\"2538\" class=\"elementor elementor-2538\">\n\t\t\t\t\t\t\t\t\t<section class=\"elementor-section elementor-top-section elementor-element elementor-element-1e8498c elementor-section-content-middle elementor-reverse-mobile elementor-section-boxed elementor-section-height-default elementor-section-height-default\" data-id=\"1e8498c\" data-element_type=\"section\" data-settings=\"{&quot;background_background&quot;:&quot;classic&quot;}\">\n\t\t\t\t\t\t\t<div class=\"elementor-background-overlay\"><\/div>\n\t\t\t\t\t\t\t<div class=\"elementor-container elementor-column-gap-no\">\n\t\t\t\t\t<div class=\"elementor-column elementor-col-100 elementor-top-column elementor-element elementor-element-6efb37d\" data-id=\"6efb37d\" data-element_type=\"column\" data-settings=\"{&quot;background_background&quot;:&quot;classic&quot;}\">\n\t\t\t<div class=\"elementor-widget-wrap elementor-element-populated\">\n\t\t\t\t\t\t\t\t<div class=\"elementor-element elementor-element-e072412 elementor-widget elementor-widget-menu-anchor\" data-id=\"e072412\" data-element_type=\"widget\" data-widget_type=\"menu-anchor.default\">\n\t\t\t\t<div class=\"elementor-widget-container\">\n\t\t\t\t\t<div id=\"atividades\" class=\"elementor-menu-anchor\"><\/div>\n\t\t\t\t<\/div>\n\t\t\t\t<\/div>\n\t\t\t\t<div class=\"elementor-element elementor-element-4634b59 elementor-widget elementor-widget-heading\" data-id=\"4634b59\" data-element_type=\"widget\" data-widget_type=\"heading.default\">\n\t\t\t\t<div class=\"elementor-widget-container\">\n\t\t\t<h2 class=\"elementor-heading-title elementor-size-default\">Communication campaign<\/h2>\t\t<\/div>\n\t\t\t\t<\/div>\n\t\t\t\t<div class=\"elementor-element elementor-element-83ab044 elementor-widget-divider--view-line elementor-widget elementor-widget-divider\" data-id=\"83ab044\" data-element_type=\"widget\" data-widget_type=\"divider.default\">\n\t\t\t\t<div class=\"elementor-widget-container\">\n\t\t\t\t\t<div class=\"elementor-divider\">\n\t\t\t<span class=\"elementor-divider-separator\">\n\t\t\t\t\t\t<\/span>\n\t\t<\/div>\n\t\t\t\t<\/div>\n\t\t\t\t<\/div>\n\t\t\t\t<div class=\"elementor-element elementor-element-4bcac3d elementor-widget elementor-widget-text-editor\" data-id=\"4bcac3d\" data-element_type=\"widget\" data-widget_type=\"text-editor.default\">\n\t\t\t\t<div class=\"elementor-widget-container\">\n\t\t\t\t\t\t\t<p><span style=\"font-weight: 400;\">The AwK project features a strong communication component, directed towards <\/span><b>call to action<\/b><span style=\"font-weight: 400;\">, whose purpose is to encourage the target audience to act on a specific issue, motivating them towards specific actions and information-sharing between citizens\/entities at various scales. There are good examples of climate change-related calls to action all over the world.*<\/span><\/p><p><span style=\"font-weight: 400;\">The goal of the communication campaign of the AwK project is to raise awareness about climate change among residents, companies and tourists in the Algarve, allowing them to learn more about this topic, as well inciting action, both individually and collectively. This communication campaign will contribute towards more awareness and word of mouth through different means: this website, social media, radio and events.<\/span><\/p><p><span style=\"font-weight: 400;\">It is essential to act in the present to safeguard the future, promoting knowledge about the main impacts of &#8211; and the best ways to deal with &#8211; the unavoidable effects of climate change, which are already happening and will continue to worsen in the future!<\/span><\/p><p><span style=\"font-weight: 400;\">We invite you to follow the news through this website and the project\u2019s social media pages.\u00a0<\/span><\/p>\t\t\t\t\t\t<\/div>\n\t\t\t\t<\/div>\n\t\t\t\t<div class=\"elementor-element elementor-element-e5c84ef elementor-widget elementor-widget-text-editor\" data-id=\"e5c84ef\" data-element_type=\"widget\" data-widget_type=\"text-editor.default\">\n\t\t\t\t<div class=\"elementor-widget-container\">\n\t\t\t\t\t\t\t<p><a href=\"https:\/\/www.earthhour.org\/\" target=\"_blank\" rel=\"noopener\"><img loading=\"lazy\" decoding=\"async\" class=\"alignright wp-image-2542\" src=\"https:\/\/www.algarveadapta.pt\/wp-content\/uploads\/2022\/02\/EH-primary-logo-CMYK_PNG-For-print-300x217.png\" alt=\"\" width=\"153\" height=\"111\" srcset=\"https:\/\/www.algarveadapta.pt\/wp-content\/uploads\/2022\/02\/EH-primary-logo-CMYK_PNG-For-print-300x217.png 300w, https:\/\/www.algarveadapta.pt\/wp-content\/uploads\/2022\/02\/EH-primary-logo-CMYK_PNG-For-print-1024x741.png 1024w, https:\/\/www.algarveadapta.pt\/wp-content\/uploads\/2022\/02\/EH-primary-logo-CMYK_PNG-For-print-768x556.png 768w, https:\/\/www.algarveadapta.pt\/wp-content\/uploads\/2022\/02\/EH-primary-logo-CMYK_PNG-For-print-1536x1111.png 1536w, https:\/\/www.algarveadapta.pt\/wp-content\/uploads\/2022\/02\/EH-primary-logo-CMYK_PNG-For-print-2048x1482.png 2048w\" sizes=\"auto, (max-width: 153px) 100vw, 153px\" \/><\/a><span style=\"font-weight: 400;\">* One of the most well-known examples of a successful worldwide call to action is <\/span><a href=\"https:\/\/www.earthhour.org\/\"><b>Earth Hour<\/b><\/a><span style=\"font-weight: 400;\">. This symbolic event started in Sydney in 2007, with the aim of raising awareness about the climate crisis and encouraging dialogue about environmental protection. In the following years, this movement spread throughout the world. Nowadays, millions of people come together on the last Saturday in March in more than 190 countries, to turn off the lights for one hour and show their support for the planet. In addition to energy saving, this event has been a catalyst for changes and improvements in legislation, as well as for the implementation of concrete environmental protection measures.<\/span><\/p><p><span style=\"font-weight: 400;\">Other good examples of call to action are the <\/span><a href=\"https:\/\/unfccc.int\/news\/call-to-action-for-a-climate-resilient-recovery-from-covid-19\"><span style=\"font-weight: 400;\">Climate Statement &#8211; Call to Action for a Climate-Resilient Recovery from COVID-19<\/span><\/a><span style=\"font-weight: 400;\"> of the United Nations and the <\/span><a href=\"https:\/\/cop26coalition.org\/chamada\/\"><span style=\"font-weight: 400;\">Call to Action<\/span><\/a><span style=\"font-weight: 400;\"> of the COP26 Coalition (an alliance of British civil society, comprised of groups and individuals who came together for climate justice during COP26).<\/span><\/p>\t\t\t\t\t\t<\/div>\n\t\t\t\t<\/div>\n\t\t\t\t\t<\/div>\n\t\t<\/div>\n\t\t\t\t\t\t\t<\/div>\n\t\t<\/section>\n\t\t\t\t<section class=\"elementor-section elementor-top-section elementor-element elementor-element-262b675 elementor-section-boxed elementor-section-height-default elementor-section-height-default\" data-id=\"262b675\" data-element_type=\"section\" data-settings=\"{&quot;background_background&quot;:&quot;classic&quot;}\">\n\t\t\t\t\t\t<div class=\"elementor-container elementor-column-gap-no\">\n\t\t\t\t\t<div class=\"elementor-column elementor-col-100 elementor-top-column elementor-element elementor-element-4e0ace2\" data-id=\"4e0ace2\" data-element_type=\"column\">\n\t\t\t<div class=\"elementor-widget-wrap elementor-element-populated\">\n\t\t\t\t\t\t\t\t<section class=\"elementor-section elementor-inner-section elementor-element elementor-element-b20d21b elementor-hidden-desktop elementor-hidden-tablet elementor-hidden-mobile elementor-section-boxed elementor-section-height-default elementor-section-height-default\" data-id=\"b20d21b\" data-element_type=\"section\">\n\t\t\t\t\t\t<div class=\"elementor-container elementor-column-gap-no\">\n\t\t\t\t\t<div class=\"elementor-column elementor-col-50 elementor-inner-column elementor-element elementor-element-3624259\" data-id=\"3624259\" data-element_type=\"column\">\n\t\t\t<div class=\"elementor-widget-wrap elementor-element-populated\">\n\t\t\t\t\t\t\t\t<div class=\"elementor-element elementor-element-91c8042 elementor-widget elementor-widget-heading\" data-id=\"91c8042\" data-element_type=\"widget\" data-widget_type=\"heading.default\">\n\t\t\t\t<div class=\"elementor-widget-container\">\n\t\t\t<h2 class=\"elementor-heading-title elementor-size-default\">Not\u00edcias<\/h2>\t\t<\/div>\n\t\t\t\t<\/div>\n\t\t\t\t<div class=\"elementor-element elementor-element-70241fa elementor-widget-divider--view-line elementor-widget elementor-widget-divider\" data-id=\"70241fa\" data-element_type=\"widget\" data-widget_type=\"divider.default\">\n\t\t\t\t<div class=\"elementor-widget-container\">\n\t\t\t\t\t<div class=\"elementor-divider\">\n\t\t\t<span class=\"elementor-divider-separator\">\n\t\t\t\t\t\t<\/span>\n\t\t<\/div>\n\t\t\t\t<\/div>\n\t\t\t\t<\/div>\n\t\t\t\t\t<\/div>\n\t\t<\/div>\n\t\t\t\t<div class=\"elementor-column elementor-col-50 elementor-inner-column elementor-element elementor-element-89ab9cd\" data-id=\"89ab9cd\" data-element_type=\"column\">\n\t\t\t<div class=\"elementor-widget-wrap\">\n\t\t\t\t\t\t\t\t\t<\/div>\n\t\t<\/div>\n\t\t\t\t\t\t\t<\/div>\n\t\t<\/section>\n\t\t\t\t<div class=\"elementor-element elementor-element-96de70d elementor-hidden-desktop elementor-hidden-tablet elementor-hidden-mobile elementor-grid-3 elementor-grid-tablet-2 elementor-grid-mobile-1 elementor-posts--thumbnail-top elementor-card-shadow-yes elementor-posts__hover-gradient elementor-widget elementor-widget-posts\" data-id=\"96de70d\" data-element_type=\"widget\" data-settings=\"{&quot;cards_columns&quot;:&quot;3&quot;,&quot;cards_columns_tablet&quot;:&quot;2&quot;,&quot;cards_columns_mobile&quot;:&quot;1&quot;,&quot;cards_row_gap&quot;:{&quot;unit&quot;:&quot;px&quot;,&quot;size&quot;:35,&quot;sizes&quot;:[]},&quot;cards_row_gap_tablet&quot;:{&quot;unit&quot;:&quot;px&quot;,&quot;size&quot;:&quot;&quot;,&quot;sizes&quot;:[]},&quot;cards_row_gap_mobile&quot;:{&quot;unit&quot;:&quot;px&quot;,&quot;size&quot;:&quot;&quot;,&quot;sizes&quot;:[]}}\" data-widget_type=\"posts.cards\">\n\t\t\t\t<div class=\"elementor-widget-container\">\n\t\t\t\t\t<div class=\"elementor-posts-container elementor-posts elementor-posts--skin-cards elementor-grid\">\n\t\t\t\t<article class=\"elementor-post elementor-grid-item post-2606 post type-post status-publish format-standard has-post-thumbnail hentry category-uncategorized\">\n\t\t\t<div class=\"elementor-post__card\">\n\t\t\t\t<a class=\"elementor-post__thumbnail__link\" href=\"https:\/\/www.algarveadapta.pt\/en\/festa-algarve\/\" ><div class=\"elementor-post__thumbnail\"><img loading=\"lazy\" decoding=\"async\" width=\"300\" height=\"200\" src=\"https:\/\/www.algarveadapta.pt\/wp-content\/uploads\/2021\/09\/post4-1-300x200.jpg\" class=\"attachment-medium size-medium\" alt=\"\" srcset=\"https:\/\/www.algarveadapta.pt\/wp-content\/uploads\/2021\/09\/post4-1-300x200.jpg 300w, https:\/\/www.algarveadapta.pt\/wp-content\/uploads\/2021\/09\/post4-1-768x513.jpg 768w, https:\/\/www.algarveadapta.pt\/wp-content\/uploads\/2021\/09\/post4-1.jpg 800w\" sizes=\"auto, (max-width: 300px) 100vw, 300px\" \/><\/div><\/a>\n\t\t\t\t<div class=\"elementor-post__text\">\n\t\t\t\t<h3 class=\"elementor-post__title\">\n\t\t\t<a href=\"https:\/\/www.algarveadapta.pt\/en\/festa-algarve\/\" >\n\t\t\t\tFesta Algarve\t\t\t<\/a>\n\t\t<\/h3>\n\t\t\t\t<div class=\"elementor-post__excerpt\">\n\t\t\t<p>Ing Adicione aqui o texto do seu t\u00edtulo Adicione aqui o texto do seu t\u00edtulo Share on facebook Facebook Share on twitter Twitter Share on linkedin LinkedIn<\/p>\n\t\t<\/div>\n\t\t\n\t\t<a class=\"elementor-post__read-more\" href=\"https:\/\/www.algarveadapta.pt\/en\/festa-algarve\/\" >\n\t\t\tLer Mais \u00bb\t\t<\/a>\n\n\t\t\t\t<\/div>\n\t\t\t\t<div class=\"elementor-post__meta-data\">\n\t\t\t\t\t<span class=\"elementor-post-date\">\n\t\t\t22 de February, 2022\t\t<\/span>\n\t\t\t\t<\/div>\n\t\t\t\t\t<\/div>\n\t\t<\/article>\n\t\t\t\t<\/div>\n\t\t\n\t\t\t\t<\/div>\n\t\t\t\t<\/div>\n\t\t\t\t\t<\/div>\n\t\t<\/div>\n\t\t\t\t\t\t\t<\/div>\n\t\t<\/section>\n\t\t\t\t\t\t\t<\/div>\n\t\t","protected":false},"excerpt":{"rendered":"<p>Communication campaign The AwK project features a strong communication component, directed towards call to action, whose purpose is to encourage the target audience to act on a specific issue, motivating them towards specific actions and information-sharing between citizens\/entities at various scales. There are good examples of climate change-related calls to action all over the world.* &hellip;<\/p>\n<p class=\"read-more\"> <a class=\"\" href=\"https:\/\/www.algarveadapta.pt\/en\/festa-algarve\/\"> <span class=\"screen-reader-text\">Festa Algarve<\/span> Read More \u00bb<\/a><\/p>\n","protected":false},"author":2,"featured_media":0,"parent":0,"menu_order":0,"comment_status":"closed","ping_status":"closed","template":"","meta":{"inline_featured_image":false,"site-sidebar-layout":"no-sidebar","site-content-layout":"page-builder","ast-global-header-display":"","ast-main-header-display":"","ast-hfb-above-header-display":"","ast-hfb-below-header-display":"","ast-hfb-mobile-header-display":"","site-post-title":"disabled","ast-breadcrumbs-content":"","ast-featured-img":"disabled","footer-sml-layout":"","theme-transparent-header-meta":"default","adv-header-id-meta":"","stick-header-meta":"default","header-above-stick-meta":"","header-main-stick-meta":"","header-below-stick-meta":"","footnotes":""},"class_list":["post-2538","page","type-page","status-publish","hentry"],"yoast_head":"<!-- This site is optimized with the Yoast SEO plugin v19.10 - https:\/\/yoast.com\/wordpress\/plugins\/seo\/ -->\n<title>Communication Campaign - AwK - Adaptation with Knowledge, Climate Change<\/title>\n<meta name=\"robots\" content=\"index, follow, max-snippet:-1, max-image-preview:large, max-video-preview:-1\" \/>\n<link rel=\"canonical\" href=\"https:\/\/www.algarveadapta.pt\/en\/communication-campaign\/\" \/>\n<meta property=\"og:locale\" content=\"en_US\" \/>\n<meta property=\"og:type\" content=\"article\" \/>\n<meta property=\"og:title\" content=\"Communication Campaign - AwK - Adaptation with Knowledge, Climate Change\" \/>\n<meta property=\"og:description\" content=\"Communication campaign The AwK project features a strong communication component, directed towards call to action, whose purpose is to encourage the target audience to act on a specific issue, motivating them towards specific actions and information-sharing between citizens\/entities at various scales. There are good examples of climate change-related calls to action all over the world.* &hellip; Festa Algarve Read More \u00bb\" \/>\n<meta property=\"og:url\" content=\"https:\/\/www.algarveadapta.pt\/en\/communication-campaign\/\" \/>\n<meta property=\"og:site_name\" content=\"AwK - Adaptation with Knowledge, Climate Change\" \/>\n<meta property=\"article:modified_time\" content=\"2022-02-22T10:56:51+00:00\" \/>\n<meta property=\"og:image\" content=\"https:\/\/www.algarveadapta.pt\/wp-content\/uploads\/2022\/02\/EH-primary-logo-CMYK_PNG-For-print-300x217.png\" \/>\n<meta name=\"twitter:card\" content=\"summary_large_image\" \/>\n<meta name=\"twitter:label1\" content=\"Est. reading time\" \/>\n\t<meta name=\"twitter:data1\" content=\"3 minutes\" \/>\n<script type=\"application\/ld+json\" class=\"yoast-schema-graph\">{\"@context\":\"https:\/\/schema.org\",\"@graph\":[{\"@type\":\"WebPage\",\"@id\":\"https:\/\/www.algarveadapta.pt\/en\/communication-campaign\/\",\"url\":\"https:\/\/www.algarveadapta.pt\/en\/communication-campaign\/\",\"name\":\"Communication Campaign - AwK - Adaptation with Knowledge, Climate Change\",\"isPartOf\":{\"@id\":\"https:\/\/www.algarveadapta.pt\/#website\"},\"datePublished\":\"2022-02-09T14:32:02+00:00\",\"dateModified\":\"2022-02-22T10:56:51+00:00\",\"breadcrumb\":{\"@id\":\"https:\/\/www.algarveadapta.pt\/en\/communication-campaign\/#breadcrumb\"},\"inLanguage\":\"en-US\",\"potentialAction\":[{\"@type\":\"ReadAction\",\"target\":[\"https:\/\/www.algarveadapta.pt\/en\/communication-campaign\/\"]}]},{\"@type\":\"BreadcrumbList\",\"@id\":\"https:\/\/www.algarveadapta.pt\/en\/communication-campaign\/#breadcrumb\",\"itemListElement\":[{\"@type\":\"ListItem\",\"position\":1,\"name\":\"In\u00edcio\",\"item\":\"https:\/\/www.algarveadapta.pt\/en\/\"},{\"@type\":\"ListItem\",\"position\":2,\"name\":\"Communication Campaign\"}]},{\"@type\":\"WebSite\",\"@id\":\"https:\/\/www.algarveadapta.pt\/#website\",\"url\":\"https:\/\/www.algarveadapta.pt\/\",\"name\":\"AwK - Adaptation with Knowledge, Climate Change\",\"description\":\"Este programa promove a Economia Circular, a descarboniza\u00e7\u00e3o da Sociedade e a valoriza\u00e7\u00e3o do territ\u00f3rio.\",\"publisher\":{\"@id\":\"https:\/\/www.algarveadapta.pt\/#organization\"},\"potentialAction\":[{\"@type\":\"SearchAction\",\"target\":{\"@type\":\"EntryPoint\",\"urlTemplate\":\"https:\/\/www.algarveadapta.pt\/?s={search_term_string}\"},\"query-input\":\"required name=search_term_string\"}],\"inLanguage\":\"en-US\"},{\"@type\":\"Organization\",\"@id\":\"https:\/\/www.algarveadapta.pt\/#organization\",\"name\":\"AwK - Adaptation with Knowledge, Climate Change\",\"url\":\"https:\/\/www.algarveadapta.pt\/\",\"logo\":{\"@type\":\"ImageObject\",\"inLanguage\":\"en-US\",\"@id\":\"https:\/\/www.algarveadapta.pt\/#\/schema\/logo\/image\/\",\"url\":\"https:\/\/www.algarveadapta.pt\/wp-content\/uploads\/2021\/09\/logo_200.png\",\"contentUrl\":\"https:\/\/www.algarveadapta.pt\/wp-content\/uploads\/2021\/09\/logo_200.png\",\"width\":200,\"height\":140,\"caption\":\"AwK - Adaptation with Knowledge, Climate Change\"},\"image\":{\"@id\":\"https:\/\/www.algarveadapta.pt\/#\/schema\/logo\/image\/\"}}]}<\/script>\n<!-- \/ Yoast SEO plugin. -->","yoast_head_json":{"title":"Communication Campaign - AwK - Adaptation with Knowledge, Climate Change","robots":{"index":"index","follow":"follow","max-snippet":"max-snippet:-1","max-image-preview":"max-image-preview:large","max-video-preview":"max-video-preview:-1"},"canonical":"https:\/\/www.algarveadapta.pt\/en\/communication-campaign\/","og_locale":"en_US","og_type":"article","og_title":"Communication Campaign - AwK - Adaptation with Knowledge, Climate Change","og_description":"Communication campaign The AwK project features a strong communication component, directed towards call to action, whose purpose is to encourage the target audience to act on a specific issue, motivating them towards specific actions and information-sharing between citizens\/entities at various scales. There are good examples of climate change-related calls to action all over the world.* &hellip; Festa Algarve Read More \u00bb","og_url":"https:\/\/www.algarveadapta.pt\/en\/communication-campaign\/","og_site_name":"AwK - Adaptation with Knowledge, Climate Change","article_modified_time":"2022-02-22T10:56:51+00:00","og_image":[{"url":"https:\/\/www.algarveadapta.pt\/wp-content\/uploads\/2022\/02\/EH-primary-logo-CMYK_PNG-For-print-300x217.png"}],"twitter_card":"summary_large_image","twitter_misc":{"Est. reading time":"3 minutes"},"schema":{"@context":"https:\/\/schema.org","@graph":[{"@type":"WebPage","@id":"https:\/\/www.algarveadapta.pt\/en\/communication-campaign\/","url":"https:\/\/www.algarveadapta.pt\/en\/communication-campaign\/","name":"Communication Campaign - AwK - Adaptation with Knowledge, Climate Change","isPartOf":{"@id":"https:\/\/www.algarveadapta.pt\/#website"},"datePublished":"2022-02-09T14:32:02+00:00","dateModified":"2022-02-22T10:56:51+00:00","breadcrumb":{"@id":"https:\/\/www.algarveadapta.pt\/en\/communication-campaign\/#breadcrumb"},"inLanguage":"en-US","potentialAction":[{"@type":"ReadAction","target":["https:\/\/www.algarveadapta.pt\/en\/communication-campaign\/"]}]},{"@type":"BreadcrumbList","@id":"https:\/\/www.algarveadapta.pt\/en\/communication-campaign\/#breadcrumb","itemListElement":[{"@type":"ListItem","position":1,"name":"In\u00edcio","item":"https:\/\/www.algarveadapta.pt\/en\/"},{"@type":"ListItem","position":2,"name":"Communication Campaign"}]},{"@type":"WebSite","@id":"https:\/\/www.algarveadapta.pt\/#website","url":"https:\/\/www.algarveadapta.pt\/","name":"AwK - Adaptation with Knowledge, Climate Change","description":"Este programa promove a Economia Circular, a descarboniza\u00e7\u00e3o da Sociedade e a valoriza\u00e7\u00e3o do territ\u00f3rio.","publisher":{"@id":"https:\/\/www.algarveadapta.pt\/#organization"},"potentialAction":[{"@type":"SearchAction","target":{"@type":"EntryPoint","urlTemplate":"https:\/\/www.algarveadapta.pt\/?s={search_term_string}"},"query-input":"required name=search_term_string"}],"inLanguage":"en-US"},{"@type":"Organization","@id":"https:\/\/www.algarveadapta.pt\/#organization","name":"AwK - Adaptation with Knowledge, Climate Change","url":"https:\/\/www.algarveadapta.pt\/","logo":{"@type":"ImageObject","inLanguage":"en-US","@id":"https:\/\/www.algarveadapta.pt\/#\/schema\/logo\/image\/","url":"https:\/\/www.algarveadapta.pt\/wp-content\/uploads\/2021\/09\/logo_200.png","contentUrl":"https:\/\/www.algarveadapta.pt\/wp-content\/uploads\/2021\/09\/logo_200.png","width":200,"height":140,"caption":"AwK - Adaptation with Knowledge, Climate Change"},"image":{"@id":"https:\/\/www.algarveadapta.pt\/#\/schema\/logo\/image\/"}}]}},"_links":{"self":[{"href":"https:\/\/www.algarveadapta.pt\/en\/wp-json\/wp\/v2\/pages\/2538","targetHints":{"allow":["GET"]}}],"collection":[{"href":"https:\/\/www.algarveadapta.pt\/en\/wp-json\/wp\/v2\/pages"}],"about":[{"href":"https:\/\/www.algarveadapta.pt\/en\/wp-json\/wp\/v2\/types\/page"}],"author":[{"embeddable":true,"href":"https:\/\/www.algarveadapta.pt\/en\/wp-json\/wp\/v2\/users\/2"}],"replies":[{"embeddable":true,"href":"https:\/\/www.algarveadapta.pt\/en\/wp-json\/wp\/v2\/comments?post=2538"}],"version-history":[{"count":8,"href":"https:\/\/www.algarveadapta.pt\/en\/wp-json\/wp\/v2\/pages\/2538\/revisions"}],"predecessor-version":[{"id":2632,"href":"https:\/\/www.algarveadapta.pt\/en\/wp-json\/wp\/v2\/pages\/2538\/revisions\/2632"}],"wp:attachment":[{"href":"https:\/\/www.algarveadapta.pt\/en\/wp-json\/wp\/v2\/media?parent=2538"}],"curies":[{"name":"wp","href":"https:\/\/api.w.org\/{rel}","templated":true}]}}