{"id":2052,"date":"2022-01-17T19:07:09","date_gmt":"2022-01-17T19:07:09","guid":{"rendered":"https:\/\/www.algarveadapta.pt\/?page_id=2052"},"modified":"2022-01-25T13:35:04","modified_gmt":"2022-01-25T13:35:04","slug":"facts-about-climate-change","status":"publish","type":"page","link":"https:\/\/www.algarveadapta.pt\/en\/facts-about-climate-change\/","title":{"rendered":"Facts about Climate Change"},"content":{"rendered":"\t\t<div data-elementor-type=\"wp-page\" data-elementor-id=\"2052\" class=\"elementor elementor-2052\">\n\t\t\t\t\t\t\t\t\t<section class=\"elementor-section elementor-top-section elementor-element elementor-element-573f6a5 elementor-section-boxed elementor-section-height-default elementor-section-height-default\" data-id=\"573f6a5\" data-element_type=\"section\" data-settings=\"{&quot;background_background&quot;:&quot;classic&quot;,&quot;shape_divider_top&quot;:&quot;waves&quot;}\">\n\t\t\t\t\t<div class=\"elementor-shape elementor-shape-top\" data-negative=\"false\">\n\t\t\t<svg xmlns=\"http:\/\/www.w3.org\/2000\/svg\" viewBox=\"0 0 1000 100\" preserveAspectRatio=\"none\">\n\t<path class=\"elementor-shape-fill\" d=\"M421.9,6.5c22.6-2.5,51.5,0.4,75.5,5.3c23.6,4.9,70.9,23.5,100.5,35.7c75.8,32.2,133.7,44.5,192.6,49.7\n\tc23.6,2.1,48.7,3.5,103.4-2.5c54.7-6,106.2-25.6,106.2-25.6V0H0v30.3c0,0,72,32.6,158.4,30.5c39.2-0.7,92.8-6.7,134-22.4\n\tc21.2-8.1,52.2-18.2,79.7-24.2C399.3,7.9,411.6,7.5,421.9,6.5z\"\/>\n<\/svg>\t\t<\/div>\n\t\t\t\t\t<div class=\"elementor-container elementor-column-gap-default\">\n\t\t\t\t\t<div class=\"elementor-column elementor-col-100 elementor-top-column elementor-element elementor-element-b32b531\" data-id=\"b32b531\" data-element_type=\"column\">\n\t\t\t<div class=\"elementor-widget-wrap elementor-element-populated\">\n\t\t\t\t\t\t\t\t<div class=\"elementor-element elementor-element-e419b85 elementor-widget elementor-widget-spacer\" data-id=\"e419b85\" data-element_type=\"widget\" data-widget_type=\"spacer.default\">\n\t\t\t\t<div class=\"elementor-widget-container\">\n\t\t\t\t\t<div class=\"elementor-spacer\">\n\t\t\t<div class=\"elementor-spacer-inner\"><\/div>\n\t\t<\/div>\n\t\t\t\t<\/div>\n\t\t\t\t<\/div>\n\t\t\t\t<div class=\"elementor-element elementor-element-f4ea58f elementor-widget elementor-widget-heading\" data-id=\"f4ea58f\" data-element_type=\"widget\" data-widget_type=\"heading.default\">\n\t\t\t\t<div class=\"elementor-widget-container\">\n\t\t\t<h2 class=\"elementor-heading-title elementor-size-default\">Facts about climate change<\/h2>\t\t<\/div>\n\t\t\t\t<\/div>\n\t\t\t\t<div class=\"elementor-element elementor-element-1066ae0 elementor-widget-divider--view-line elementor-widget elementor-widget-divider\" data-id=\"1066ae0\" data-element_type=\"widget\" data-widget_type=\"divider.default\">\n\t\t\t\t<div class=\"elementor-widget-container\">\n\t\t\t\t\t<div class=\"elementor-divider\">\n\t\t\t<span class=\"elementor-divider-separator\">\n\t\t\t\t\t\t<\/span>\n\t\t<\/div>\n\t\t\t\t<\/div>\n\t\t\t\t<\/div>\n\t\t\t\t<div class=\"elementor-element elementor-element-66eaa20 elementor-widget elementor-widget-spacer\" data-id=\"66eaa20\" data-element_type=\"widget\" data-widget_type=\"spacer.default\">\n\t\t\t\t<div class=\"elementor-widget-container\">\n\t\t\t\t\t<div class=\"elementor-spacer\">\n\t\t\t<div class=\"elementor-spacer-inner\"><\/div>\n\t\t<\/div>\n\t\t\t\t<\/div>\n\t\t\t\t<\/div>\n\t\t\t\t<div class=\"elementor-element elementor-element-d096c70 elementor-widget elementor-widget-text-editor\" data-id=\"d096c70\" data-element_type=\"widget\" data-widget_type=\"text-editor.default\">\n\t\t\t\t<div class=\"elementor-widget-container\">\n\t\t\t\t\t\t\t<ul><li style=\"font-weight: 400;\" aria-level=\"1\"><span style=\"font-weight: 400;\">Although climate change has only become a common newsworthy topic recently, <\/span><b>climate change has been studied for decades<\/b><span style=\"font-weight: 400;\">. In the first World Climate Conference, in 1979, the need to \u201cforesee and prevent potential man-made changes in climate\u201d was already considered an urgent issue;<\/span><\/li><li style=\"font-weight: 400;\" aria-level=\"1\"><span style=\"font-weight: 400;\">Climate change caused by humans (anthropogenic) is <\/span><b>not just a future concern<\/b><span style=\"font-weight: 400;\">: nowadays, meteorologic extremes like heat waves and intense precipitation are already worsening on every part of the globe;<\/span><\/li><li style=\"font-weight: 400;\" aria-level=\"1\"><span style=\"font-weight: 400;\">As <\/span><b>temperature increases<\/b><span style=\"font-weight: 400;\">, changes in climate get increasingly worse in frequency and intensity;<\/span><\/li><li style=\"font-weight: 400;\" aria-level=\"1\"><span style=\"font-weight: 400;\">The last decade was probably <\/span><b>the hottest of the last 125,000 years<\/b><span style=\"font-weight: 400;\">, and the years <\/span><b>2016 and 2020 were the warmest years <\/b><span style=\"font-weight: 400;\">on record;<\/span><\/li><li style=\"font-weight: 400;\" aria-level=\"1\"><b>Sea level rise<\/b><span style=\"font-weight: 400;\"> is caused by a warming of the climate system, which results in thermal expansion of the oceans and melting of ice sheets on land.<\/span><\/li><li style=\"font-weight: 400;\" aria-level=\"1\"><b>Occasional reductions in greenhouse gas emissions<\/b><span style=\"font-weight: 400;\"> (that result, for example, from the COVID-19 pandemic or from financial crises) have a negligible effect on the global warming trajectory;<\/span><\/li><li style=\"font-weight: 400;\" aria-level=\"1\"><span style=\"font-weight: 400;\">Climate change can manifest itself <\/span><b>differently in different parts of the world<\/b><span style=\"font-weight: 400;\">. For example, changes in annual mean precipitation are very heterogeneous depending on the location: an increase is projected to occur in high latitudes and in the equatorial Pacific, while in the subtropics (where Portugal is located) a substantial decrease is projected;<\/span><\/li><li style=\"font-weight: 400;\" aria-level=\"1\"><span style=\"font-weight: 400;\">In the European Union, the <\/span><b>economic losses<\/b><span style=\"font-weight: 400;\"> caused by a higher frequency of extreme climate events already surpass 12 billion \u20ac per year;<\/span><\/li><li style=\"font-weight: 400;\" aria-level=\"1\"><span style=\"font-weight: 400;\">It is estimated that, between 2030 and 2050, climate change will cause<\/span><b> 250,000 additional deaths every year worldwide<\/b><span style=\"font-weight: 400;\">, caused by malnutrition, thermal stress and diseases like malaria;<\/span><\/li><li style=\"font-weight: 400;\" aria-level=\"1\"><span style=\"font-weight: 400;\">Climate change <\/span><b>adaptation can be autonomous<\/b><span style=\"font-weight: 400;\"> (or spontaneous) when it occurs as a response to climate events without planning nor a conscious purpose to deal with climate change. On the other hand, adaptation is considered <\/span><b>planned<\/b><span style=\"font-weight: 400;\"> when political decisions are made with the intrinsic knowledge that there are changes happening to the usual climate conditions.<\/span><\/li><\/ul>\t\t\t\t\t\t<\/div>\n\t\t\t\t<\/div>\n\t\t\t\t\t<\/div>\n\t\t<\/div>\n\t\t\t\t\t\t\t<\/div>\n\t\t<\/section>\n\t\t\t\t<section class=\"elementor-section elementor-top-section elementor-element elementor-element-49394c9 elementor-section-content-middle elementor-section-boxed elementor-section-height-default elementor-section-height-default\" data-id=\"49394c9\" data-element_type=\"section\" data-settings=\"{&quot;background_background&quot;:&quot;classic&quot;,&quot;shape_divider_top&quot;:&quot;pyramids&quot;}\">\n\t\t\t\t\t<div class=\"elementor-shape elementor-shape-top\" data-negative=\"false\">\n\t\t\t<svg xmlns=\"http:\/\/www.w3.org\/2000\/svg\" viewBox=\"0 0 1000 100\" preserveAspectRatio=\"none\">\n\t<path class=\"elementor-shape-fill\" d=\"M761.9,44.1L643.1,27.2L333.8,98L0,3.8V0l1000,0v3.9\"\/>\n<\/svg>\t\t<\/div>\n\t\t\t\t\t<div class=\"elementor-container elementor-column-gap-default\">\n\t\t\t\t\t<div class=\"elementor-column elementor-col-50 elementor-top-column elementor-element elementor-element-f86961f\" data-id=\"f86961f\" data-element_type=\"column\">\n\t\t\t<div class=\"elementor-widget-wrap elementor-element-populated\">\n\t\t\t\t\t\t\t\t<div class=\"elementor-element elementor-element-ac99803 elementor-widget elementor-widget-text-editor\" data-id=\"ac99803\" data-element_type=\"widget\" data-widget_type=\"text-editor.default\">\n\t\t\t\t<div class=\"elementor-widget-container\">\n\t\t\t\t\t\t\t<p><span style=\"font-weight: 400;\">For more information about climate change visit our <\/span><span style=\"font-weight: 400;\">sources list.<\/span><\/p>\t\t\t\t\t\t<\/div>\n\t\t\t\t<\/div>\n\t\t\t\t\t<\/div>\n\t\t<\/div>\n\t\t\t\t<div class=\"elementor-column elementor-col-50 elementor-top-column elementor-element elementor-element-9143c38\" data-id=\"9143c38\" data-element_type=\"column\">\n\t\t\t<div class=\"elementor-widget-wrap elementor-element-populated\">\n\t\t\t\t\t\t\t\t<div class=\"elementor-element elementor-element-62d646b elementor-widget elementor-widget-button\" data-id=\"62d646b\" data-element_type=\"widget\" data-widget_type=\"button.default\">\n\t\t\t\t<div class=\"elementor-widget-container\">\n\t\t\t\t\t<div class=\"elementor-button-wrapper\">\n\t\t\t<a href=\"https:\/\/www.algarveadapta.pt\/en\/information-sources\/\" class=\"elementor-button-link elementor-button elementor-size-sm\" role=\"button\">\n\t\t\t\t\t\t<span class=\"elementor-button-content-wrapper\">\n\t\t\t\t\t\t<span class=\"elementor-button-text\">Click here<\/span>\n\t\t<\/span>\n\t\t\t\t\t<\/a>\n\t\t<\/div>\n\t\t\t\t<\/div>\n\t\t\t\t<\/div>\n\t\t\t\t\t<\/div>\n\t\t<\/div>\n\t\t\t\t\t\t\t<\/div>\n\t\t<\/section>\n\t\t\t\t<section class=\"elementor-section elementor-top-section elementor-element elementor-element-8a3f1ca elementor-section-boxed elementor-section-height-default elementor-section-height-default\" data-id=\"8a3f1ca\" data-element_type=\"section\" data-settings=\"{&quot;background_background&quot;:&quot;classic&quot;}\">\n\t\t\t\t\t\t<div class=\"elementor-container elementor-column-gap-no\">\n\t\t\t\t\t<div class=\"elementor-column elementor-col-100 elementor-top-column elementor-element elementor-element-0e5dbba\" data-id=\"0e5dbba\" data-element_type=\"column\">\n\t\t\t<div class=\"elementor-widget-wrap elementor-element-populated\">\n\t\t\t\t\t\t\t\t<section class=\"elementor-section elementor-inner-section elementor-element elementor-element-4f31a19 elementor-hidden-desktop elementor-hidden-tablet elementor-hidden-mobile elementor-section-boxed elementor-section-height-default elementor-section-height-default\" data-id=\"4f31a19\" data-element_type=\"section\">\n\t\t\t\t\t\t<div class=\"elementor-container elementor-column-gap-no\">\n\t\t\t\t\t<div class=\"elementor-column elementor-col-50 elementor-inner-column elementor-element elementor-element-6b43265\" data-id=\"6b43265\" data-element_type=\"column\">\n\t\t\t<div class=\"elementor-widget-wrap elementor-element-populated\">\n\t\t\t\t\t\t\t\t<div class=\"elementor-element elementor-element-ad05111 elementor-widget elementor-widget-heading\" data-id=\"ad05111\" data-element_type=\"widget\" data-widget_type=\"heading.default\">\n\t\t\t\t<div class=\"elementor-widget-container\">\n\t\t\t<h2 class=\"elementor-heading-title elementor-size-default\">Not\u00edcias<\/h2>\t\t<\/div>\n\t\t\t\t<\/div>\n\t\t\t\t<div class=\"elementor-element elementor-element-30a2bde elementor-widget-divider--view-line elementor-widget elementor-widget-divider\" data-id=\"30a2bde\" data-element_type=\"widget\" data-widget_type=\"divider.default\">\n\t\t\t\t<div class=\"elementor-widget-container\">\n\t\t\t\t\t<div class=\"elementor-divider\">\n\t\t\t<span class=\"elementor-divider-separator\">\n\t\t\t\t\t\t<\/span>\n\t\t<\/div>\n\t\t\t\t<\/div>\n\t\t\t\t<\/div>\n\t\t\t\t\t<\/div>\n\t\t<\/div>\n\t\t\t\t<div class=\"elementor-column elementor-col-50 elementor-inner-column elementor-element elementor-element-e4a750f\" data-id=\"e4a750f\" data-element_type=\"column\">\n\t\t\t<div class=\"elementor-widget-wrap\">\n\t\t\t\t\t\t\t\t\t<\/div>\n\t\t<\/div>\n\t\t\t\t\t\t\t<\/div>\n\t\t<\/section>\n\t\t\t\t<div class=\"elementor-element elementor-element-759c3f4 elementor-hidden-desktop elementor-hidden-tablet elementor-hidden-mobile elementor-grid-3 elementor-grid-tablet-2 elementor-grid-mobile-1 elementor-posts--thumbnail-top elementor-card-shadow-yes elementor-posts__hover-gradient elementor-widget elementor-widget-posts\" data-id=\"759c3f4\" data-element_type=\"widget\" data-settings=\"{&quot;cards_columns&quot;:&quot;3&quot;,&quot;cards_columns_tablet&quot;:&quot;2&quot;,&quot;cards_columns_mobile&quot;:&quot;1&quot;,&quot;cards_row_gap&quot;:{&quot;unit&quot;:&quot;px&quot;,&quot;size&quot;:35,&quot;sizes&quot;:[]},&quot;cards_row_gap_tablet&quot;:{&quot;unit&quot;:&quot;px&quot;,&quot;size&quot;:&quot;&quot;,&quot;sizes&quot;:[]},&quot;cards_row_gap_mobile&quot;:{&quot;unit&quot;:&quot;px&quot;,&quot;size&quot;:&quot;&quot;,&quot;sizes&quot;:[]}}\" data-widget_type=\"posts.cards\">\n\t\t\t\t<div class=\"elementor-widget-container\">\n\t\t\t\t\t<div class=\"elementor-posts-container elementor-posts elementor-posts--skin-cards elementor-grid\">\n\t\t\t\t<article class=\"elementor-post elementor-grid-item post-2606 post type-post status-publish format-standard has-post-thumbnail hentry category-uncategorized\">\n\t\t\t<div class=\"elementor-post__card\">\n\t\t\t\t<a class=\"elementor-post__thumbnail__link\" href=\"https:\/\/www.algarveadapta.pt\/en\/festa-algarve\/\" ><div class=\"elementor-post__thumbnail\"><img loading=\"lazy\" decoding=\"async\" width=\"300\" height=\"200\" src=\"https:\/\/www.algarveadapta.pt\/wp-content\/uploads\/2021\/09\/post4-1-300x200.jpg\" class=\"attachment-medium size-medium\" alt=\"\" srcset=\"https:\/\/www.algarveadapta.pt\/wp-content\/uploads\/2021\/09\/post4-1-300x200.jpg 300w, https:\/\/www.algarveadapta.pt\/wp-content\/uploads\/2021\/09\/post4-1-768x513.jpg 768w, https:\/\/www.algarveadapta.pt\/wp-content\/uploads\/2021\/09\/post4-1.jpg 800w\" sizes=\"auto, (max-width: 300px) 100vw, 300px\" \/><\/div><\/a>\n\t\t\t\t<div class=\"elementor-post__text\">\n\t\t\t\t<h3 class=\"elementor-post__title\">\n\t\t\t<a href=\"https:\/\/www.algarveadapta.pt\/en\/festa-algarve\/\" >\n\t\t\t\tFesta Algarve\t\t\t<\/a>\n\t\t<\/h3>\n\t\t\t\t<div class=\"elementor-post__excerpt\">\n\t\t\t<p>Ing Adicione aqui o texto do seu t\u00edtulo Adicione aqui o texto do seu t\u00edtulo Share on facebook Facebook Share on twitter Twitter Share on linkedin LinkedIn<\/p>\n\t\t<\/div>\n\t\t\n\t\t<a class=\"elementor-post__read-more\" href=\"https:\/\/www.algarveadapta.pt\/en\/festa-algarve\/\" >\n\t\t\tLer Mais \u00bb\t\t<\/a>\n\n\t\t\t\t<\/div>\n\t\t\t\t<div class=\"elementor-post__meta-data\">\n\t\t\t\t\t<span class=\"elementor-post-date\">\n\t\t\t22 de February, 2022\t\t<\/span>\n\t\t\t\t<\/div>\n\t\t\t\t\t<\/div>\n\t\t<\/article>\n\t\t\t\t<\/div>\n\t\t\n\t\t\t\t<\/div>\n\t\t\t\t<\/div>\n\t\t\t\t\t<\/div>\n\t\t<\/div>\n\t\t\t\t\t\t\t<\/div>\n\t\t<\/section>\n\t\t\t\t\t\t\t<\/div>\n\t\t","protected":false},"excerpt":{"rendered":"<p>Facts about climate change Although climate change has only become a common newsworthy topic recently, climate change has been studied for decades. In the first World Climate Conference, in 1979, the need to \u201cforesee and prevent potential man-made changes in climate\u201d was already considered an urgent issue; Climate change caused by humans (anthropogenic) is not &hellip;<\/p>\n<p class=\"read-more\"> <a class=\"\" href=\"https:\/\/www.algarveadapta.pt\/en\/festa-algarve\/\"> <span class=\"screen-reader-text\">Festa Algarve<\/span> Read More \u00bb<\/a><\/p>\n","protected":false},"author":1,"featured_media":0,"parent":0,"menu_order":0,"comment_status":"closed","ping_status":"closed","template":"","meta":{"inline_featured_image":false,"site-sidebar-layout":"no-sidebar","site-content-layout":"page-builder","ast-global-header-display":"","ast-main-header-display":"","ast-hfb-above-header-display":"","ast-hfb-below-header-display":"","ast-hfb-mobile-header-display":"","site-post-title":"disabled","ast-breadcrumbs-content":"","ast-featured-img":"disabled","footer-sml-layout":"","theme-transparent-header-meta":"default","adv-header-id-meta":"","stick-header-meta":"default","header-above-stick-meta":"","header-main-stick-meta":"","header-below-stick-meta":"","footnotes":""},"class_list":["post-2052","page","type-page","status-publish","hentry"],"yoast_head":"<!-- This site is optimized with the Yoast SEO plugin v19.10 - https:\/\/yoast.com\/wordpress\/plugins\/seo\/ -->\n<title>Facts about Climate Change - AwK - Adaptation with Knowledge, Climate Change<\/title>\n<meta name=\"robots\" content=\"index, follow, max-snippet:-1, max-image-preview:large, max-video-preview:-1\" \/>\n<link rel=\"canonical\" href=\"https:\/\/www.algarveadapta.pt\/en\/facts-about-climate-change\/\" \/>\n<meta property=\"og:locale\" content=\"en_US\" \/>\n<meta property=\"og:type\" content=\"article\" \/>\n<meta property=\"og:title\" content=\"Facts about Climate Change - AwK - Adaptation with Knowledge, Climate Change\" \/>\n<meta property=\"og:description\" content=\"Facts about climate change Although climate change has only become a common newsworthy topic recently, climate change has been studied for decades. In the first World Climate Conference, in 1979, the need to \u201cforesee and prevent potential man-made changes in climate\u201d was already considered an urgent issue; Climate change caused by humans (anthropogenic) is not &hellip; Festa Algarve Read More \u00bb\" \/>\n<meta property=\"og:url\" content=\"https:\/\/www.algarveadapta.pt\/en\/facts-about-climate-change\/\" \/>\n<meta property=\"og:site_name\" content=\"AwK - Adaptation with Knowledge, Climate Change\" \/>\n<meta property=\"article:modified_time\" content=\"2022-01-25T13:35:04+00:00\" \/>\n<meta name=\"twitter:card\" content=\"summary_large_image\" \/>\n<meta name=\"twitter:label1\" content=\"Est. reading time\" \/>\n\t<meta name=\"twitter:data1\" content=\"2 minutes\" \/>\n<script type=\"application\/ld+json\" class=\"yoast-schema-graph\">{\"@context\":\"https:\/\/schema.org\",\"@graph\":[{\"@type\":\"WebPage\",\"@id\":\"https:\/\/www.algarveadapta.pt\/en\/facts-about-climate-change\/\",\"url\":\"https:\/\/www.algarveadapta.pt\/en\/facts-about-climate-change\/\",\"name\":\"Facts about Climate Change - AwK - Adaptation with Knowledge, Climate Change\",\"isPartOf\":{\"@id\":\"https:\/\/www.algarveadapta.pt\/#website\"},\"datePublished\":\"2022-01-17T19:07:09+00:00\",\"dateModified\":\"2022-01-25T13:35:04+00:00\",\"breadcrumb\":{\"@id\":\"https:\/\/www.algarveadapta.pt\/en\/facts-about-climate-change\/#breadcrumb\"},\"inLanguage\":\"en-US\",\"potentialAction\":[{\"@type\":\"ReadAction\",\"target\":[\"https:\/\/www.algarveadapta.pt\/en\/facts-about-climate-change\/\"]}]},{\"@type\":\"BreadcrumbList\",\"@id\":\"https:\/\/www.algarveadapta.pt\/en\/facts-about-climate-change\/#breadcrumb\",\"itemListElement\":[{\"@type\":\"ListItem\",\"position\":1,\"name\":\"In\u00edcio\",\"item\":\"https:\/\/www.algarveadapta.pt\/en\/\"},{\"@type\":\"ListItem\",\"position\":2,\"name\":\"Facts about Climate Change\"}]},{\"@type\":\"WebSite\",\"@id\":\"https:\/\/www.algarveadapta.pt\/#website\",\"url\":\"https:\/\/www.algarveadapta.pt\/\",\"name\":\"AwK - Adaptation with Knowledge, Climate Change\",\"description\":\"Este programa promove a Economia Circular, a descarboniza\u00e7\u00e3o da Sociedade e a valoriza\u00e7\u00e3o do territ\u00f3rio.\",\"publisher\":{\"@id\":\"https:\/\/www.algarveadapta.pt\/#organization\"},\"potentialAction\":[{\"@type\":\"SearchAction\",\"target\":{\"@type\":\"EntryPoint\",\"urlTemplate\":\"https:\/\/www.algarveadapta.pt\/?s={search_term_string}\"},\"query-input\":\"required name=search_term_string\"}],\"inLanguage\":\"en-US\"},{\"@type\":\"Organization\",\"@id\":\"https:\/\/www.algarveadapta.pt\/#organization\",\"name\":\"AwK - Adaptation with Knowledge, Climate Change\",\"url\":\"https:\/\/www.algarveadapta.pt\/\",\"logo\":{\"@type\":\"ImageObject\",\"inLanguage\":\"en-US\",\"@id\":\"https:\/\/www.algarveadapta.pt\/#\/schema\/logo\/image\/\",\"url\":\"https:\/\/www.algarveadapta.pt\/wp-content\/uploads\/2021\/09\/logo_200.png\",\"contentUrl\":\"https:\/\/www.algarveadapta.pt\/wp-content\/uploads\/2021\/09\/logo_200.png\",\"width\":200,\"height\":140,\"caption\":\"AwK - Adaptation with Knowledge, Climate Change\"},\"image\":{\"@id\":\"https:\/\/www.algarveadapta.pt\/#\/schema\/logo\/image\/\"}}]}<\/script>\n<!-- \/ Yoast SEO plugin. -->","yoast_head_json":{"title":"Facts about Climate Change - AwK - Adaptation with Knowledge, Climate Change","robots":{"index":"index","follow":"follow","max-snippet":"max-snippet:-1","max-image-preview":"max-image-preview:large","max-video-preview":"max-video-preview:-1"},"canonical":"https:\/\/www.algarveadapta.pt\/en\/facts-about-climate-change\/","og_locale":"en_US","og_type":"article","og_title":"Facts about Climate Change - AwK - Adaptation with Knowledge, Climate Change","og_description":"Facts about climate change Although climate change has only become a common newsworthy topic recently, climate change has been studied for decades. In the first World Climate Conference, in 1979, the need to \u201cforesee and prevent potential man-made changes in climate\u201d was already considered an urgent issue; Climate change caused by humans (anthropogenic) is not &hellip; Festa Algarve Read More \u00bb","og_url":"https:\/\/www.algarveadapta.pt\/en\/facts-about-climate-change\/","og_site_name":"AwK - Adaptation with Knowledge, Climate Change","article_modified_time":"2022-01-25T13:35:04+00:00","twitter_card":"summary_large_image","twitter_misc":{"Est. reading time":"2 minutes"},"schema":{"@context":"https:\/\/schema.org","@graph":[{"@type":"WebPage","@id":"https:\/\/www.algarveadapta.pt\/en\/facts-about-climate-change\/","url":"https:\/\/www.algarveadapta.pt\/en\/facts-about-climate-change\/","name":"Facts about Climate Change - AwK - Adaptation with Knowledge, Climate Change","isPartOf":{"@id":"https:\/\/www.algarveadapta.pt\/#website"},"datePublished":"2022-01-17T19:07:09+00:00","dateModified":"2022-01-25T13:35:04+00:00","breadcrumb":{"@id":"https:\/\/www.algarveadapta.pt\/en\/facts-about-climate-change\/#breadcrumb"},"inLanguage":"en-US","potentialAction":[{"@type":"ReadAction","target":["https:\/\/www.algarveadapta.pt\/en\/facts-about-climate-change\/"]}]},{"@type":"BreadcrumbList","@id":"https:\/\/www.algarveadapta.pt\/en\/facts-about-climate-change\/#breadcrumb","itemListElement":[{"@type":"ListItem","position":1,"name":"In\u00edcio","item":"https:\/\/www.algarveadapta.pt\/en\/"},{"@type":"ListItem","position":2,"name":"Facts about Climate Change"}]},{"@type":"WebSite","@id":"https:\/\/www.algarveadapta.pt\/#website","url":"https:\/\/www.algarveadapta.pt\/","name":"AwK - Adaptation with Knowledge, Climate Change","description":"Este programa promove a Economia Circular, a descarboniza\u00e7\u00e3o da Sociedade e a valoriza\u00e7\u00e3o do territ\u00f3rio.","publisher":{"@id":"https:\/\/www.algarveadapta.pt\/#organization"},"potentialAction":[{"@type":"SearchAction","target":{"@type":"EntryPoint","urlTemplate":"https:\/\/www.algarveadapta.pt\/?s={search_term_string}"},"query-input":"required name=search_term_string"}],"inLanguage":"en-US"},{"@type":"Organization","@id":"https:\/\/www.algarveadapta.pt\/#organization","name":"AwK - Adaptation with Knowledge, Climate Change","url":"https:\/\/www.algarveadapta.pt\/","logo":{"@type":"ImageObject","inLanguage":"en-US","@id":"https:\/\/www.algarveadapta.pt\/#\/schema\/logo\/image\/","url":"https:\/\/www.algarveadapta.pt\/wp-content\/uploads\/2021\/09\/logo_200.png","contentUrl":"https:\/\/www.algarveadapta.pt\/wp-content\/uploads\/2021\/09\/logo_200.png","width":200,"height":140,"caption":"AwK - Adaptation with Knowledge, Climate Change"},"image":{"@id":"https:\/\/www.algarveadapta.pt\/#\/schema\/logo\/image\/"}}]}},"_links":{"self":[{"href":"https:\/\/www.algarveadapta.pt\/en\/wp-json\/wp\/v2\/pages\/2052","targetHints":{"allow":["GET"]}}],"collection":[{"href":"https:\/\/www.algarveadapta.pt\/en\/wp-json\/wp\/v2\/pages"}],"about":[{"href":"https:\/\/www.algarveadapta.pt\/en\/wp-json\/wp\/v2\/types\/page"}],"author":[{"embeddable":true,"href":"https:\/\/www.algarveadapta.pt\/en\/wp-json\/wp\/v2\/users\/1"}],"replies":[{"embeddable":true,"href":"https:\/\/www.algarveadapta.pt\/en\/wp-json\/wp\/v2\/comments?post=2052"}],"version-history":[{"count":19,"href":"https:\/\/www.algarveadapta.pt\/en\/wp-json\/wp\/v2\/pages\/2052\/revisions"}],"predecessor-version":[{"id":2349,"href":"https:\/\/www.algarveadapta.pt\/en\/wp-json\/wp\/v2\/pages\/2052\/revisions\/2349"}],"wp:attachment":[{"href":"https:\/\/www.algarveadapta.pt\/en\/wp-json\/wp\/v2\/media?parent=2052"}],"curies":[{"name":"wp","href":"https:\/\/api.w.org\/{rel}","templated":true}]}}