{"id":1974,"date":"2022-01-13T12:16:09","date_gmt":"2022-01-13T12:16:09","guid":{"rendered":"https:\/\/www.algarveadapta.pt\/o-eea-grants\/"},"modified":"2022-02-16T16:11:39","modified_gmt":"2022-02-16T16:11:39","slug":"eea-grants","status":"publish","type":"page","link":"https:\/\/www.algarveadapta.pt\/en\/eea-grants\/","title":{"rendered":"EEA Grants"},"content":{"rendered":"\t\t<div data-elementor-type=\"wp-page\" data-elementor-id=\"1974\" class=\"elementor elementor-1974\">\n\t\t\t\t\t\t\t\t\t<section class=\"elementor-section elementor-top-section elementor-element elementor-element-75c1f64 elementor-section-content-middle elementor-reverse-mobile elementor-section-boxed elementor-section-height-default elementor-section-height-default\" data-id=\"75c1f64\" data-element_type=\"section\" data-settings=\"{&quot;background_background&quot;:&quot;gradient&quot;}\">\n\t\t\t\t\t\t<div class=\"elementor-container elementor-column-gap-no\">\n\t\t\t\t\t<div class=\"elementor-column elementor-col-100 elementor-top-column elementor-element elementor-element-1a85cd7\" data-id=\"1a85cd7\" data-element_type=\"column\">\n\t\t\t<div class=\"elementor-widget-wrap elementor-element-populated\">\n\t\t\t\t\t\t\t\t<section class=\"elementor-section elementor-inner-section elementor-element elementor-element-304c5ca elementor-section-height-min-height elementor-section-content-bottom elementor-section-boxed elementor-section-height-default\" data-id=\"304c5ca\" data-element_type=\"section\" data-settings=\"{&quot;background_background&quot;:&quot;classic&quot;}\">\n\t\t\t\t\t\t\t<div class=\"elementor-background-overlay\"><\/div>\n\t\t\t\t\t\t\t<div class=\"elementor-container elementor-column-gap-no\">\n\t\t\t\t\t<div class=\"elementor-column elementor-col-100 elementor-inner-column elementor-element elementor-element-62cd3cd\" data-id=\"62cd3cd\" data-element_type=\"column\">\n\t\t\t<div class=\"elementor-widget-wrap elementor-element-populated\">\n\t\t\t\t\t\t\t\t<div class=\"elementor-element elementor-element-d8c0931 elementor-widget elementor-widget-menu-anchor\" data-id=\"d8c0931\" data-element_type=\"widget\" data-widget_type=\"menu-anchor.default\">\n\t\t\t\t<div class=\"elementor-widget-container\">\n\t\t\t\t\t<div id=\"eeagrants\" class=\"elementor-menu-anchor\"><\/div>\n\t\t\t\t<\/div>\n\t\t\t\t<\/div>\n\t\t\t\t<div class=\"elementor-element elementor-element-dc6664c elementor-widget elementor-widget-heading\" data-id=\"dc6664c\" data-element_type=\"widget\" data-widget_type=\"heading.default\">\n\t\t\t\t<div class=\"elementor-widget-container\">\n\t\t\t<h2 class=\"elementor-heading-title elementor-size-default\">The EEA Grants<\/h2>\t\t<\/div>\n\t\t\t\t<\/div>\n\t\t\t\t<div class=\"elementor-element elementor-element-13af1a2 elementor-widget elementor-widget-text-editor\" data-id=\"13af1a2\" data-element_type=\"widget\" data-widget_type=\"text-editor.default\">\n\t\t\t\t<div class=\"elementor-widget-container\">\n\t\t\t\t\t\t\t<p>The EEA Grants represent the contribution of Iceland, Liechtenstein and Norway towards a green, competitive and inclusive Europe.<\/p>\n<p>There are two overall objectives: reduction of economic and social disparities in Europe, and to strengthen bilateral relations between the donor countries and 15 EU countries in Central and Southern Europe and the Baltics.<\/p>\n<p>The three donor countries cooperate closely with the EU through the Agreement on the European Economic Area (EEA). The donors have provided \u20ac3.3 billion through consecutive grant schemes between 1994 and 2014. For the period 2014-2021, the EEA Grants amount to \u20ac1.55 billion. The priorities for this period are:<br>#1 Innovation, Research, Education and Competitiveness<br>#2 Social Inclusion, Youth Employment and Poverty Reduction<br>#3 Environment, Energy, Climate Change and Low Carbon Economy<br>#4 Culture, Civil Society, Good Governance and Fundamental Rights<br>#5 Justice and Home Affairs<\/p>\n<p>The EEA Grants are jointly financed by Iceland, Liechtenstein and Norway, whose contributions are based on their GDP.<\/p>\n<p>Eligibility for the Grants mirror the criteria set for the EU Cohesion Fund aimed at member countries where the Gross National Income (GNI) per inhabitant is less than 90% of the EU average.<\/p>\n<p>Learn more at <a href=\"https:\/\/eeagrants.org\/\" target=\"_blank\" rel=\"noopener\">eeagrants.org<\/a>.<\/p>\n<p>The AwK &#8211; Adaptation With Knowledge, Climate Change project is funded by the EEA Grants, through their Environment Programme.<\/p>\t\t\t\t\t\t<\/div>\n\t\t\t\t<\/div>\n\t\t\t\t\t<\/div>\n\t\t<\/div>\n\t\t\t\t\t\t\t<\/div>\n\t\t<\/section>\n\t\t\t\t\t<\/div>\n\t\t<\/div>\n\t\t\t\t\t\t\t<\/div>\n\t\t<\/section>\n\t\t\t\t<section class=\"elementor-section elementor-top-section elementor-element elementor-element-dcdbe08 elementor-section-boxed elementor-section-height-default elementor-section-height-default\" data-id=\"dcdbe08\" data-element_type=\"section\" data-settings=\"{&quot;background_background&quot;:&quot;classic&quot;}\">\n\t\t\t\t\t\t<div class=\"elementor-container elementor-column-gap-no\">\n\t\t\t\t\t<div class=\"elementor-column elementor-col-100 elementor-top-column elementor-element elementor-element-7a1d92d\" data-id=\"7a1d92d\" data-element_type=\"column\">\n\t\t\t<div class=\"elementor-widget-wrap elementor-element-populated\">\n\t\t\t\t\t\t\t\t<section class=\"elementor-section elementor-inner-section elementor-element elementor-element-4be8b7d elementor-hidden-desktop elementor-hidden-tablet elementor-hidden-mobile elementor-section-boxed elementor-section-height-default elementor-section-height-default\" data-id=\"4be8b7d\" data-element_type=\"section\">\n\t\t\t\t\t\t<div class=\"elementor-container elementor-column-gap-no\">\n\t\t\t\t\t<div class=\"elementor-column elementor-col-50 elementor-inner-column elementor-element elementor-element-311b840\" data-id=\"311b840\" data-element_type=\"column\">\n\t\t\t<div class=\"elementor-widget-wrap elementor-element-populated\">\n\t\t\t\t\t\t\t\t<div class=\"elementor-element elementor-element-28a5baa elementor-widget elementor-widget-heading\" data-id=\"28a5baa\" data-element_type=\"widget\" data-widget_type=\"heading.default\">\n\t\t\t\t<div class=\"elementor-widget-container\">\n\t\t\t<h2 class=\"elementor-heading-title elementor-size-default\">Not\u00edcias<\/h2>\t\t<\/div>\n\t\t\t\t<\/div>\n\t\t\t\t<div class=\"elementor-element elementor-element-739614d elementor-widget-divider--view-line elementor-widget elementor-widget-divider\" data-id=\"739614d\" data-element_type=\"widget\" data-widget_type=\"divider.default\">\n\t\t\t\t<div class=\"elementor-widget-container\">\n\t\t\t\t\t<div class=\"elementor-divider\">\n\t\t\t<span class=\"elementor-divider-separator\">\n\t\t\t\t\t\t<\/span>\n\t\t<\/div>\n\t\t\t\t<\/div>\n\t\t\t\t<\/div>\n\t\t\t\t\t<\/div>\n\t\t<\/div>\n\t\t\t\t<div class=\"elementor-column elementor-col-50 elementor-inner-column elementor-element elementor-element-00cf2eb\" data-id=\"00cf2eb\" data-element_type=\"column\">\n\t\t\t<div class=\"elementor-widget-wrap\">\n\t\t\t\t\t\t\t\t\t<\/div>\n\t\t<\/div>\n\t\t\t\t\t\t\t<\/div>\n\t\t<\/section>\n\t\t\t\t<div class=\"elementor-element elementor-element-6fd45e3 elementor-hidden-desktop elementor-hidden-tablet elementor-hidden-mobile elementor-grid-3 elementor-grid-tablet-2 elementor-grid-mobile-1 elementor-posts--thumbnail-top elementor-card-shadow-yes elementor-posts__hover-gradient elementor-widget elementor-widget-posts\" data-id=\"6fd45e3\" data-element_type=\"widget\" data-settings=\"{&quot;cards_columns&quot;:&quot;3&quot;,&quot;cards_columns_tablet&quot;:&quot;2&quot;,&quot;cards_columns_mobile&quot;:&quot;1&quot;,&quot;cards_row_gap&quot;:{&quot;unit&quot;:&quot;px&quot;,&quot;size&quot;:35,&quot;sizes&quot;:[]},&quot;cards_row_gap_tablet&quot;:{&quot;unit&quot;:&quot;px&quot;,&quot;size&quot;:&quot;&quot;,&quot;sizes&quot;:[]},&quot;cards_row_gap_mobile&quot;:{&quot;unit&quot;:&quot;px&quot;,&quot;size&quot;:&quot;&quot;,&quot;sizes&quot;:[]}}\" data-widget_type=\"posts.cards\">\n\t\t\t\t<div class=\"elementor-widget-container\">\n\t\t\t\t\t<div class=\"elementor-posts-container elementor-posts elementor-posts--skin-cards elementor-grid\">\n\t\t\t\t<article class=\"elementor-post elementor-grid-item post-2606 post type-post status-publish format-standard has-post-thumbnail hentry category-uncategorized\">\n\t\t\t<div class=\"elementor-post__card\">\n\t\t\t\t<a class=\"elementor-post__thumbnail__link\" href=\"https:\/\/www.algarveadapta.pt\/en\/festa-algarve\/\" ><div class=\"elementor-post__thumbnail\"><img loading=\"lazy\" decoding=\"async\" width=\"300\" height=\"200\" src=\"https:\/\/www.algarveadapta.pt\/wp-content\/uploads\/2021\/09\/post4-1-300x200.jpg\" class=\"attachment-medium size-medium\" alt=\"\" srcset=\"https:\/\/www.algarveadapta.pt\/wp-content\/uploads\/2021\/09\/post4-1-300x200.jpg 300w, https:\/\/www.algarveadapta.pt\/wp-content\/uploads\/2021\/09\/post4-1-768x513.jpg 768w, https:\/\/www.algarveadapta.pt\/wp-content\/uploads\/2021\/09\/post4-1.jpg 800w\" sizes=\"auto, (max-width: 300px) 100vw, 300px\" \/><\/div><\/a>\n\t\t\t\t<div class=\"elementor-post__text\">\n\t\t\t\t<h3 class=\"elementor-post__title\">\n\t\t\t<a href=\"https:\/\/www.algarveadapta.pt\/en\/festa-algarve\/\" >\n\t\t\t\tFesta Algarve\t\t\t<\/a>\n\t\t<\/h3>\n\t\t\t\t<div class=\"elementor-post__excerpt\">\n\t\t\t<p>Ing Adicione aqui o texto do seu t\u00edtulo Adicione aqui o texto do seu t\u00edtulo Share on facebook Facebook Share on twitter Twitter Share on linkedin LinkedIn<\/p>\n\t\t<\/div>\n\t\t\n\t\t<a class=\"elementor-post__read-more\" href=\"https:\/\/www.algarveadapta.pt\/en\/festa-algarve\/\" >\n\t\t\tLer Mais \u00bb\t\t<\/a>\n\n\t\t\t\t<\/div>\n\t\t\t\t<div class=\"elementor-post__meta-data\">\n\t\t\t\t\t<span class=\"elementor-post-date\">\n\t\t\t22 de February, 2022\t\t<\/span>\n\t\t\t\t<\/div>\n\t\t\t\t\t<\/div>\n\t\t<\/article>\n\t\t\t\t<\/div>\n\t\t\n\t\t\t\t<\/div>\n\t\t\t\t<\/div>\n\t\t\t\t\t<\/div>\n\t\t<\/div>\n\t\t\t\t\t\t\t<\/div>\n\t\t<\/section>\n\t\t\t\t\t\t\t<\/div>\n\t\t","protected":false},"excerpt":{"rendered":"<p>The EEA Grants The EEA Grants represent the contribution of Iceland, Liechtenstein and Norway towards a green, competitive and inclusive Europe. There are two overall objectives: reduction of economic and social disparities in Europe, and to strengthen bilateral relations between the donor countries and 15 EU countries in Central and Southern Europe and the Baltics. &hellip;<\/p>\n<p class=\"read-more\"> <a class=\"\" href=\"https:\/\/www.algarveadapta.pt\/en\/festa-algarve\/\"> <span class=\"screen-reader-text\">Festa Algarve<\/span> Read More \u00bb<\/a><\/p>\n","protected":false},"author":2,"featured_media":0,"parent":0,"menu_order":0,"comment_status":"closed","ping_status":"closed","template":"","meta":{"inline_featured_image":false,"site-sidebar-layout":"no-sidebar","site-content-layout":"page-builder","ast-global-header-display":"","ast-main-header-display":"","ast-hfb-above-header-display":"","ast-hfb-below-header-display":"","ast-hfb-mobile-header-display":"","site-post-title":"disabled","ast-breadcrumbs-content":"","ast-featured-img":"disabled","footer-sml-layout":"","theme-transparent-header-meta":"default","adv-header-id-meta":"","stick-header-meta":"default","header-above-stick-meta":"","header-main-stick-meta":"","header-below-stick-meta":"","footnotes":""},"class_list":["post-1974","page","type-page","status-publish","hentry"],"yoast_head":"<!-- This site is optimized with the Yoast SEO plugin v19.10 - https:\/\/yoast.com\/wordpress\/plugins\/seo\/ -->\n<title>EEA Grants - AwK - Adaptation with Knowledge, Climate Change<\/title>\n<meta name=\"robots\" content=\"index, follow, max-snippet:-1, max-image-preview:large, max-video-preview:-1\" \/>\n<link rel=\"canonical\" href=\"https:\/\/www.algarveadapta.pt\/eea-grants\/\" \/>\n<meta property=\"og:locale\" content=\"en_US\" \/>\n<meta property=\"og:type\" content=\"article\" \/>\n<meta property=\"og:title\" content=\"EEA Grants - AwK - Adaptation with Knowledge, Climate Change\" \/>\n<meta property=\"og:description\" content=\"The EEA Grants The EEA Grants represent the contribution of Iceland, Liechtenstein and Norway towards a green, competitive and inclusive Europe. There are two overall objectives: reduction of economic and social disparities in Europe, and to strengthen bilateral relations between the donor countries and 15 EU countries in Central and Southern Europe and the Baltics. &hellip; Festa Algarve Read More \u00bb\" \/>\n<meta property=\"og:url\" content=\"https:\/\/www.algarveadapta.pt\/eea-grants\/\" \/>\n<meta property=\"og:site_name\" content=\"AwK - Adaptation with Knowledge, Climate Change\" \/>\n<meta property=\"article:modified_time\" content=\"2022-02-16T16:11:39+00:00\" \/>\n<meta name=\"twitter:card\" content=\"summary_large_image\" \/>\n<meta name=\"twitter:label1\" content=\"Est. reading time\" \/>\n\t<meta name=\"twitter:data1\" content=\"2 minutes\" \/>\n<script type=\"application\/ld+json\" class=\"yoast-schema-graph\">{\"@context\":\"https:\/\/schema.org\",\"@graph\":[{\"@type\":\"WebPage\",\"@id\":\"https:\/\/www.algarveadapta.pt\/eea-grants\/\",\"url\":\"https:\/\/www.algarveadapta.pt\/eea-grants\/\",\"name\":\"EEA Grants - AwK - Adaptation with Knowledge, Climate Change\",\"isPartOf\":{\"@id\":\"https:\/\/www.algarveadapta.pt\/#website\"},\"datePublished\":\"2022-01-13T12:16:09+00:00\",\"dateModified\":\"2022-02-16T16:11:39+00:00\",\"breadcrumb\":{\"@id\":\"https:\/\/www.algarveadapta.pt\/eea-grants\/#breadcrumb\"},\"inLanguage\":\"en-US\",\"potentialAction\":[{\"@type\":\"ReadAction\",\"target\":[\"https:\/\/www.algarveadapta.pt\/eea-grants\/\"]}]},{\"@type\":\"BreadcrumbList\",\"@id\":\"https:\/\/www.algarveadapta.pt\/eea-grants\/#breadcrumb\",\"itemListElement\":[{\"@type\":\"ListItem\",\"position\":1,\"name\":\"In\u00edcio\",\"item\":\"https:\/\/www.algarveadapta.pt\/en\/\"},{\"@type\":\"ListItem\",\"position\":2,\"name\":\"EEA Grants\"}]},{\"@type\":\"WebSite\",\"@id\":\"https:\/\/www.algarveadapta.pt\/#website\",\"url\":\"https:\/\/www.algarveadapta.pt\/\",\"name\":\"AwK - Adaptation with Knowledge, Climate Change\",\"description\":\"Este programa promove a Economia Circular, a descarboniza\u00e7\u00e3o da Sociedade e a valoriza\u00e7\u00e3o do territ\u00f3rio.\",\"publisher\":{\"@id\":\"https:\/\/www.algarveadapta.pt\/#organization\"},\"potentialAction\":[{\"@type\":\"SearchAction\",\"target\":{\"@type\":\"EntryPoint\",\"urlTemplate\":\"https:\/\/www.algarveadapta.pt\/?s={search_term_string}\"},\"query-input\":\"required name=search_term_string\"}],\"inLanguage\":\"en-US\"},{\"@type\":\"Organization\",\"@id\":\"https:\/\/www.algarveadapta.pt\/#organization\",\"name\":\"AwK - Adaptation with Knowledge, Climate Change\",\"url\":\"https:\/\/www.algarveadapta.pt\/\",\"logo\":{\"@type\":\"ImageObject\",\"inLanguage\":\"en-US\",\"@id\":\"https:\/\/www.algarveadapta.pt\/#\/schema\/logo\/image\/\",\"url\":\"https:\/\/www.algarveadapta.pt\/wp-content\/uploads\/2021\/09\/logo_200.png\",\"contentUrl\":\"https:\/\/www.algarveadapta.pt\/wp-content\/uploads\/2021\/09\/logo_200.png\",\"width\":200,\"height\":140,\"caption\":\"AwK - Adaptation with Knowledge, Climate Change\"},\"image\":{\"@id\":\"https:\/\/www.algarveadapta.pt\/#\/schema\/logo\/image\/\"}}]}<\/script>\n<!-- \/ Yoast SEO plugin. -->","yoast_head_json":{"title":"EEA Grants - AwK - Adaptation with Knowledge, Climate Change","robots":{"index":"index","follow":"follow","max-snippet":"max-snippet:-1","max-image-preview":"max-image-preview:large","max-video-preview":"max-video-preview:-1"},"canonical":"https:\/\/www.algarveadapta.pt\/eea-grants\/","og_locale":"en_US","og_type":"article","og_title":"EEA Grants - AwK - Adaptation with Knowledge, Climate Change","og_description":"The EEA Grants The EEA Grants represent the contribution of Iceland, Liechtenstein and Norway towards a green, competitive and inclusive Europe. There are two overall objectives: reduction of economic and social disparities in Europe, and to strengthen bilateral relations between the donor countries and 15 EU countries in Central and Southern Europe and the Baltics. &hellip; Festa Algarve Read More \u00bb","og_url":"https:\/\/www.algarveadapta.pt\/eea-grants\/","og_site_name":"AwK - Adaptation with Knowledge, Climate Change","article_modified_time":"2022-02-16T16:11:39+00:00","twitter_card":"summary_large_image","twitter_misc":{"Est. reading time":"2 minutes"},"schema":{"@context":"https:\/\/schema.org","@graph":[{"@type":"WebPage","@id":"https:\/\/www.algarveadapta.pt\/eea-grants\/","url":"https:\/\/www.algarveadapta.pt\/eea-grants\/","name":"EEA Grants - AwK - Adaptation with Knowledge, Climate Change","isPartOf":{"@id":"https:\/\/www.algarveadapta.pt\/#website"},"datePublished":"2022-01-13T12:16:09+00:00","dateModified":"2022-02-16T16:11:39+00:00","breadcrumb":{"@id":"https:\/\/www.algarveadapta.pt\/eea-grants\/#breadcrumb"},"inLanguage":"en-US","potentialAction":[{"@type":"ReadAction","target":["https:\/\/www.algarveadapta.pt\/eea-grants\/"]}]},{"@type":"BreadcrumbList","@id":"https:\/\/www.algarveadapta.pt\/eea-grants\/#breadcrumb","itemListElement":[{"@type":"ListItem","position":1,"name":"In\u00edcio","item":"https:\/\/www.algarveadapta.pt\/en\/"},{"@type":"ListItem","position":2,"name":"EEA Grants"}]},{"@type":"WebSite","@id":"https:\/\/www.algarveadapta.pt\/#website","url":"https:\/\/www.algarveadapta.pt\/","name":"AwK - Adaptation with Knowledge, Climate Change","description":"Este programa promove a Economia Circular, a descarboniza\u00e7\u00e3o da Sociedade e a valoriza\u00e7\u00e3o do territ\u00f3rio.","publisher":{"@id":"https:\/\/www.algarveadapta.pt\/#organization"},"potentialAction":[{"@type":"SearchAction","target":{"@type":"EntryPoint","urlTemplate":"https:\/\/www.algarveadapta.pt\/?s={search_term_string}"},"query-input":"required name=search_term_string"}],"inLanguage":"en-US"},{"@type":"Organization","@id":"https:\/\/www.algarveadapta.pt\/#organization","name":"AwK - Adaptation with Knowledge, Climate Change","url":"https:\/\/www.algarveadapta.pt\/","logo":{"@type":"ImageObject","inLanguage":"en-US","@id":"https:\/\/www.algarveadapta.pt\/#\/schema\/logo\/image\/","url":"https:\/\/www.algarveadapta.pt\/wp-content\/uploads\/2021\/09\/logo_200.png","contentUrl":"https:\/\/www.algarveadapta.pt\/wp-content\/uploads\/2021\/09\/logo_200.png","width":200,"height":140,"caption":"AwK - Adaptation with Knowledge, Climate Change"},"image":{"@id":"https:\/\/www.algarveadapta.pt\/#\/schema\/logo\/image\/"}}]}},"_links":{"self":[{"href":"https:\/\/www.algarveadapta.pt\/en\/wp-json\/wp\/v2\/pages\/1974","targetHints":{"allow":["GET"]}}],"collection":[{"href":"https:\/\/www.algarveadapta.pt\/en\/wp-json\/wp\/v2\/pages"}],"about":[{"href":"https:\/\/www.algarveadapta.pt\/en\/wp-json\/wp\/v2\/types\/page"}],"author":[{"embeddable":true,"href":"https:\/\/www.algarveadapta.pt\/en\/wp-json\/wp\/v2\/users\/2"}],"replies":[{"embeddable":true,"href":"https:\/\/www.algarveadapta.pt\/en\/wp-json\/wp\/v2\/comments?post=1974"}],"version-history":[{"count":15,"href":"https:\/\/www.algarveadapta.pt\/en\/wp-json\/wp\/v2\/pages\/1974\/revisions"}],"predecessor-version":[{"id":2583,"href":"https:\/\/www.algarveadapta.pt\/en\/wp-json\/wp\/v2\/pages\/1974\/revisions\/2583"}],"wp:attachment":[{"href":"https:\/\/www.algarveadapta.pt\/en\/wp-json\/wp\/v2\/media?parent=1974"}],"curies":[{"name":"wp","href":"https:\/\/api.w.org\/{rel}","templated":true}]}}