{"id":1973,"date":"2021-12-20T18:27:24","date_gmt":"2021-12-20T18:27:24","guid":{"rendered":"https:\/\/www.algarveadapta.pt\/informacao-fiavel-sobre-alteracoes-climaticas\/"},"modified":"2022-01-25T16:23:12","modified_gmt":"2022-01-25T16:23:12","slug":"information-sources","status":"publish","type":"page","link":"https:\/\/www.algarveadapta.pt\/en\/information-sources\/","title":{"rendered":"Information Sources"},"content":{"rendered":"\t\t<div data-elementor-type=\"wp-page\" data-elementor-id=\"1973\" class=\"elementor elementor-1973\">\n\t\t\t\t\t\t\t\t\t<section class=\"elementor-section elementor-top-section elementor-element elementor-element-c83e6bc elementor-section-boxed elementor-section-height-default elementor-section-height-default\" data-id=\"c83e6bc\" data-element_type=\"section\" data-settings=\"{&quot;background_background&quot;:&quot;classic&quot;}\">\n\t\t\t\t\t\t<div class=\"elementor-container elementor-column-gap-default\">\n\t\t\t\t\t<div class=\"elementor-column elementor-col-50 elementor-top-column elementor-element elementor-element-a773cc6\" data-id=\"a773cc6\" data-element_type=\"column\" data-settings=\"{&quot;background_background&quot;:&quot;classic&quot;}\">\n\t\t\t<div class=\"elementor-widget-wrap elementor-element-populated\">\n\t\t\t\t\t\t\t\t<div class=\"elementor-element elementor-element-6d5a620 elementor-widget elementor-widget-menu-anchor\" data-id=\"6d5a620\" data-element_type=\"widget\" data-widget_type=\"menu-anchor.default\">\n\t\t\t\t<div class=\"elementor-widget-container\">\n\t\t\t\t\t<div id=\"antecedentes\" class=\"elementor-menu-anchor\"><\/div>\n\t\t\t\t<\/div>\n\t\t\t\t<\/div>\n\t\t\t\t<div class=\"elementor-element elementor-element-e419b85 elementor-widget elementor-widget-spacer\" data-id=\"e419b85\" data-element_type=\"widget\" data-widget_type=\"spacer.default\">\n\t\t\t\t<div class=\"elementor-widget-container\">\n\t\t\t\t\t<div class=\"elementor-spacer\">\n\t\t\t<div class=\"elementor-spacer-inner\"><\/div>\n\t\t<\/div>\n\t\t\t\t<\/div>\n\t\t\t\t<\/div>\n\t\t\t\t<div class=\"elementor-element elementor-element-f4ea58f elementor-widget elementor-widget-heading\" data-id=\"f4ea58f\" data-element_type=\"widget\" data-widget_type=\"heading.default\">\n\t\t\t\t<div class=\"elementor-widget-container\">\n\t\t\t<h2 class=\"elementor-heading-title elementor-size-default\">Where to get trustworthy information about climate change<\/h2>\t\t<\/div>\n\t\t\t\t<\/div>\n\t\t\t\t<div class=\"elementor-element elementor-element-1066ae0 elementor-widget-divider--view-line elementor-widget elementor-widget-divider\" data-id=\"1066ae0\" data-element_type=\"widget\" data-widget_type=\"divider.default\">\n\t\t\t\t<div class=\"elementor-widget-container\">\n\t\t\t\t\t<div class=\"elementor-divider\">\n\t\t\t<span class=\"elementor-divider-separator\">\n\t\t\t\t\t\t<\/span>\n\t\t<\/div>\n\t\t\t\t<\/div>\n\t\t\t\t<\/div>\n\t\t\t\t<div class=\"elementor-element elementor-element-66eaa20 elementor-widget elementor-widget-spacer\" data-id=\"66eaa20\" data-element_type=\"widget\" data-widget_type=\"spacer.default\">\n\t\t\t\t<div class=\"elementor-widget-container\">\n\t\t\t\t\t<div class=\"elementor-spacer\">\n\t\t\t<div class=\"elementor-spacer-inner\"><\/div>\n\t\t<\/div>\n\t\t\t\t<\/div>\n\t\t\t\t<\/div>\n\t\t\t\t<div class=\"elementor-element elementor-element-3050ffa elementor-widget elementor-widget-text-editor\" data-id=\"3050ffa\" data-element_type=\"widget\" data-widget_type=\"text-editor.default\">\n\t\t\t\t<div class=\"elementor-widget-container\">\n\t\t\t\t\t\t\t<p><span style=\"font-weight: 400;\"><a href=\"https:\/\/www.algarveadapta.pt\/en\/climate-change\/\">Climate change<\/a> is an increasingly newsworthy phenomenon. To fight misinformation, it is essential to get information from reliable and scientifically accredited sources. Below are several information sources that can be useful at different scales.<\/span><\/p><p><b>International:<\/b><\/p><ul><li style=\"font-weight: 400;\" aria-level=\"1\"><span style=\"font-weight: 400;\">The <\/span><strong><a href=\"https:\/\/www.ipcc.ch\/\" target=\"_blank\" rel=\"noopener\">Intergovernmental Panel on Climate Change (IPCC)<\/a><\/strong><span style=\"font-weight: 400;\"> is a reputable worldwide entity in which hundreds of scientists collaborate. The IPCC reports are reference documents that provide data and guidelines about the causes and consequences of climate change;<\/span><\/li><li style=\"font-weight: 400;\" aria-level=\"1\"><span style=\"font-weight: 400;\">The <\/span><strong><a href=\"https:\/\/sdgs.un.org\/goals\/goal13\" target=\"_blank\" rel=\"noopener\">Sustainable Development Goals (SDGs)<\/a><\/strong><span style=\"font-weight: 400;\">, created by the United Nations, define global priorities and aspirations for 2030, supported by five pillars: People, Planet, Prosperity, Peace and Partnership. SDG 13 in particular pertains to the adoption of urgent measures to fight climate change and its impacts;<\/span><\/li><li style=\"font-weight: 400;\" aria-level=\"1\"><a href=\"https:\/\/www.nature.com\/nclimate\/\" target=\"_blank\" rel=\"noopener\"><span style=\"font-weight: 400;\"><strong>Nature Climate Change<\/strong><\/span><\/a><span style=\"font-weight: 400;\"> is a scientific journal with excellent reputation. it contains articles about the most recent discoveries, as well as news about climate change;<\/span><\/li><li style=\"font-weight: 400;\" aria-level=\"1\"><span style=\"font-weight: 400;\">The <\/span><strong><a href=\"https:\/\/www.noaa.gov\/climate\" target=\"_blank\" rel=\"noopener\">National Oceanic and Atmospheric Administration (NOAA)<\/a><\/strong><span style=\"font-weight: 400;\"> is a North American platform that provides data, tools and information about climate change.<\/span><\/li><\/ul><p><b>Europe:<\/b><\/p><ul><li><span style=\"font-weight: 400;\">The <\/span><strong><a href=\"https:\/\/ec.europa.eu\/clima\/index_en\" target=\"_blank\" rel=\"noopener\">section about climate<\/a><\/strong><span style=\"font-weight: 400;\"> on the European Commission&#8217;s website has a variety of useful information, from statistics to regulations and news.<br \/><\/span>Two important documents to highlight are:<br \/><span style=\"font-weight: 400;\">&#8211; The <\/span><strong><a href=\"https:\/\/ec.europa.eu\/clima\/eu-action\/european-green-deal\/european-climate-pact_en\" target=\"_blank\" rel=\"noopener\">European Climate Pact<\/a><\/strong><span style=\"font-weight: 400;\">, which is connected to the engagement of citizens, communities and organisations for climate action towards a greener Europe;<br \/><\/span><span style=\"font-weight: 400;\">&#8211; The <\/span><strong><a href=\"https:\/\/ec.europa.eu\/clima\/eu-action\/adaptation-climate-change\/eu-adaptation-strategy_en\" target=\"_blank\" rel=\"noopener\">EU Adaptation Strategy<\/a><\/strong><span style=\"font-weight: 400;\"> was released in 2021 and its main goal is to make adaptation smarter, faster and more systemic, while also increasing international action for climate resilience.<\/span><\/li><li><a href=\"https:\/\/climate-adapt.eea.europa.eu\/\" target=\"_blank\" rel=\"noopener\"><span style=\"font-weight: 400;\"><strong>Climate-ADAPT<\/strong><\/span><\/a><span style=\"font-weight: 400;\"> is a platform that results from a partnership between the European Commission and the European Environment Agency. Its main purpose is to support Europe in climate change adaptation. It shares data, tools and information about climate change, vulnerabilities, adaptation strategies and planning at different scales.<\/span><\/li><\/ul><p><b>Portugal<\/b><span style=\"font-weight: 400;\">:<\/span><\/p><ul><li style=\"font-weight: 400;\" aria-level=\"1\"><span style=\"font-weight: 400;\">The <\/span><strong><a href=\"http:\/\/portaldoclima.pt\/en\/\" target=\"_blank\" rel=\"noopener\">Climate Change Portal<\/a><\/strong><span style=\"font-weight: 400;\"> of the Portuguese Institute for Sea and Atmosphere (IPMA) provides information on historical data and projections until the end of the 21st century for different climate variables like temperature, precipitation, and drought index;<\/span><\/li><\/ul><ul><li style=\"font-weight: 400;\" aria-level=\"1\"><span style=\"font-weight: 400;\">The Portuguese Environment Agency (APA) provides a <\/span><strong><a href=\"https:\/\/apambiente.pt\/index.php\/clima\" target=\"_blank\" rel=\"noopener\">very comprehensive page<\/a><\/strong><span style=\"font-weight: 400;\">* with information about climate change in Portugal. Regarding strategic adaptation documents, the subpage about the <\/span><strong><a href=\"https:\/\/apambiente.pt\/index.php\/clima\/enquadramento\" target=\"_blank\" rel=\"noopener\">Adaptation framework in Portugal<\/a><\/strong><span style=\"font-weight: 400;\">* has useful and updated information about the National Roadmap For Adaptation 2100 (RNA 2100), the National Strategy for Adaptation to Climate Change (ENAAC 2020), and the Action Programme for Adaptation to Climate Change (P-3AC);<\/span><\/li><li style=\"font-weight: 400;\" aria-level=\"1\"><span style=\"font-weight: 400;\">APA also provides a <\/span><strong><a href=\"https:\/\/descarbonizar2050.apambiente.pt\/en\/\" target=\"_blank\" rel=\"noopener\">microsite<\/a><\/strong><span style=\"font-weight: 400;\"> about the Roadmap for Carbon Neutrality 2050. This roadmap\u2019s main purpose is to study the implications associated with different trajectories that are technically achievable, economically viable and socially accepted, in order to achieve carbon neutrality of the Portuguese economy by 2050. Besides useful documents and publications, the website also includes a list of good practices.\u00a0<\/span><\/li><\/ul><p><b>Algarve<\/b><span style=\"font-weight: 400;\">:<\/span><\/p><ul><li style=\"font-weight: 400;\" aria-level=\"1\"><span style=\"font-weight: 400;\">The <\/span><strong><a href=\"https:\/\/www.climaaa.com\/documentos\" target=\"_blank\" rel=\"noopener\">Intermunicipal Climate Change Adaptation Plan of the Algarve (PIAAC-AMAL)<\/a><\/strong><span style=\"font-weight: 400;\">* features scientific information produced by qualified researchers. It also includes ten sectoral reports, which focus on specific climate vulnerabilities and impacts that the Algarve is subjected to, in specific sectors such as water resources, forests or coastal areas. <\/span><b>For information about PIAAC-AMAL in English click <\/b><b><a href=\"https:\/\/www.algarveadapta.pt\/en\/background\/\">here<\/a>, and to read the list of adaptation measures click <a href=\"https:\/\/www.algarveadapta.pt\/en\/piaac-amal-adaptation-measures\/\">here<\/a>.<\/b><\/li><\/ul><p><span style=\"font-weight: 400;\">* only available in Portuguese<\/span><\/p>\t\t\t\t\t\t<\/div>\n\t\t\t\t<\/div>\n\t\t\t\t\t<\/div>\n\t\t<\/div>\n\t\t\t\t<div class=\"elementor-column elementor-col-50 elementor-top-column elementor-element elementor-element-3e9e13a elementor-hidden-mobile\" data-id=\"3e9e13a\" data-element_type=\"column\" data-settings=\"{&quot;background_background&quot;:&quot;classic&quot;}\">\n\t\t\t<div class=\"elementor-widget-wrap elementor-element-populated\">\n\t\t\t\t\t<div class=\"elementor-background-overlay\"><\/div>\n\t\t\t\t\t\t\t\t<div class=\"elementor-element elementor-element-d991e80 elementor-widget elementor-widget-spacer\" data-id=\"d991e80\" data-element_type=\"widget\" data-widget_type=\"spacer.default\">\n\t\t\t\t<div class=\"elementor-widget-container\">\n\t\t\t\t\t<div class=\"elementor-spacer\">\n\t\t\t<div class=\"elementor-spacer-inner\"><\/div>\n\t\t<\/div>\n\t\t\t\t<\/div>\n\t\t\t\t<\/div>\n\t\t\t\t\t<\/div>\n\t\t<\/div>\n\t\t\t\t\t\t\t<\/div>\n\t\t<\/section>\n\t\t\t\t<section class=\"elementor-section elementor-top-section elementor-element elementor-element-8a3f1ca elementor-section-boxed elementor-section-height-default elementor-section-height-default\" data-id=\"8a3f1ca\" data-element_type=\"section\" data-settings=\"{&quot;background_background&quot;:&quot;classic&quot;}\">\n\t\t\t\t\t\t<div class=\"elementor-container elementor-column-gap-no\">\n\t\t\t\t\t<div class=\"elementor-column elementor-col-100 elementor-top-column elementor-element elementor-element-0e5dbba\" data-id=\"0e5dbba\" data-element_type=\"column\">\n\t\t\t<div class=\"elementor-widget-wrap elementor-element-populated\">\n\t\t\t\t\t\t\t\t<section class=\"elementor-section elementor-inner-section elementor-element elementor-element-4f31a19 elementor-hidden-desktop elementor-hidden-tablet elementor-hidden-mobile elementor-section-boxed elementor-section-height-default elementor-section-height-default\" data-id=\"4f31a19\" data-element_type=\"section\">\n\t\t\t\t\t\t<div class=\"elementor-container elementor-column-gap-no\">\n\t\t\t\t\t<div class=\"elementor-column elementor-col-50 elementor-inner-column elementor-element elementor-element-6b43265\" data-id=\"6b43265\" data-element_type=\"column\">\n\t\t\t<div class=\"elementor-widget-wrap elementor-element-populated\">\n\t\t\t\t\t\t\t\t<div class=\"elementor-element elementor-element-ad05111 elementor-widget elementor-widget-heading\" data-id=\"ad05111\" data-element_type=\"widget\" data-widget_type=\"heading.default\">\n\t\t\t\t<div class=\"elementor-widget-container\">\n\t\t\t<h2 class=\"elementor-heading-title elementor-size-default\">Not\u00edcias<\/h2>\t\t<\/div>\n\t\t\t\t<\/div>\n\t\t\t\t<div class=\"elementor-element elementor-element-30a2bde elementor-widget-divider--view-line elementor-widget elementor-widget-divider\" data-id=\"30a2bde\" data-element_type=\"widget\" data-widget_type=\"divider.default\">\n\t\t\t\t<div class=\"elementor-widget-container\">\n\t\t\t\t\t<div class=\"elementor-divider\">\n\t\t\t<span class=\"elementor-divider-separator\">\n\t\t\t\t\t\t<\/span>\n\t\t<\/div>\n\t\t\t\t<\/div>\n\t\t\t\t<\/div>\n\t\t\t\t\t<\/div>\n\t\t<\/div>\n\t\t\t\t<div class=\"elementor-column elementor-col-50 elementor-inner-column elementor-element elementor-element-e4a750f\" data-id=\"e4a750f\" data-element_type=\"column\">\n\t\t\t<div class=\"elementor-widget-wrap\">\n\t\t\t\t\t\t\t\t\t<\/div>\n\t\t<\/div>\n\t\t\t\t\t\t\t<\/div>\n\t\t<\/section>\n\t\t\t\t<div class=\"elementor-element elementor-element-759c3f4 elementor-hidden-desktop elementor-hidden-tablet elementor-hidden-mobile elementor-grid-3 elementor-grid-tablet-2 elementor-grid-mobile-1 elementor-posts--thumbnail-top elementor-card-shadow-yes elementor-posts__hover-gradient elementor-widget elementor-widget-posts\" data-id=\"759c3f4\" data-element_type=\"widget\" data-settings=\"{&quot;cards_columns&quot;:&quot;3&quot;,&quot;cards_columns_tablet&quot;:&quot;2&quot;,&quot;cards_columns_mobile&quot;:&quot;1&quot;,&quot;cards_row_gap&quot;:{&quot;unit&quot;:&quot;px&quot;,&quot;size&quot;:35,&quot;sizes&quot;:[]},&quot;cards_row_gap_tablet&quot;:{&quot;unit&quot;:&quot;px&quot;,&quot;size&quot;:&quot;&quot;,&quot;sizes&quot;:[]},&quot;cards_row_gap_mobile&quot;:{&quot;unit&quot;:&quot;px&quot;,&quot;size&quot;:&quot;&quot;,&quot;sizes&quot;:[]}}\" data-widget_type=\"posts.cards\">\n\t\t\t\t<div class=\"elementor-widget-container\">\n\t\t\t\t\t<div class=\"elementor-posts-container elementor-posts elementor-posts--skin-cards elementor-grid\">\n\t\t\t\t<article class=\"elementor-post elementor-grid-item post-2606 post type-post status-publish format-standard has-post-thumbnail hentry category-uncategorized\">\n\t\t\t<div class=\"elementor-post__card\">\n\t\t\t\t<a class=\"elementor-post__thumbnail__link\" href=\"https:\/\/www.algarveadapta.pt\/en\/festa-algarve\/\" ><div class=\"elementor-post__thumbnail\"><img loading=\"lazy\" decoding=\"async\" width=\"300\" height=\"200\" src=\"https:\/\/www.algarveadapta.pt\/wp-content\/uploads\/2021\/09\/post4-1-300x200.jpg\" class=\"attachment-medium size-medium\" alt=\"\" srcset=\"https:\/\/www.algarveadapta.pt\/wp-content\/uploads\/2021\/09\/post4-1-300x200.jpg 300w, https:\/\/www.algarveadapta.pt\/wp-content\/uploads\/2021\/09\/post4-1-768x513.jpg 768w, https:\/\/www.algarveadapta.pt\/wp-content\/uploads\/2021\/09\/post4-1.jpg 800w\" sizes=\"auto, (max-width: 300px) 100vw, 300px\" \/><\/div><\/a>\n\t\t\t\t<div class=\"elementor-post__text\">\n\t\t\t\t<h3 class=\"elementor-post__title\">\n\t\t\t<a href=\"https:\/\/www.algarveadapta.pt\/en\/festa-algarve\/\" >\n\t\t\t\tFesta Algarve\t\t\t<\/a>\n\t\t<\/h3>\n\t\t\t\t<div class=\"elementor-post__excerpt\">\n\t\t\t<p>Ing Adicione aqui o texto do seu t\u00edtulo Adicione aqui o texto do seu t\u00edtulo Share on facebook Facebook Share on twitter Twitter Share on linkedin LinkedIn<\/p>\n\t\t<\/div>\n\t\t\n\t\t<a class=\"elementor-post__read-more\" href=\"https:\/\/www.algarveadapta.pt\/en\/festa-algarve\/\" >\n\t\t\tLer Mais \u00bb\t\t<\/a>\n\n\t\t\t\t<\/div>\n\t\t\t\t<div class=\"elementor-post__meta-data\">\n\t\t\t\t\t<span class=\"elementor-post-date\">\n\t\t\t22 de February, 2022\t\t<\/span>\n\t\t\t\t<\/div>\n\t\t\t\t\t<\/div>\n\t\t<\/article>\n\t\t\t\t<\/div>\n\t\t\n\t\t\t\t<\/div>\n\t\t\t\t<\/div>\n\t\t\t\t\t<\/div>\n\t\t<\/div>\n\t\t\t\t\t\t\t<\/div>\n\t\t<\/section>\n\t\t\t\t\t\t\t<\/div>\n\t\t","protected":false},"excerpt":{"rendered":"<p>Where to get trustworthy information about climate change Climate change is an increasingly newsworthy phenomenon. To fight misinformation, it is essential to get information from reliable and scientifically accredited sources. Below are several information sources that can be useful at different scales. International: The Intergovernmental Panel on Climate Change (IPCC) is a reputable worldwide entity &hellip;<\/p>\n<p class=\"read-more\"> <a class=\"\" href=\"https:\/\/www.algarveadapta.pt\/en\/festa-algarve\/\"> <span class=\"screen-reader-text\">Festa Algarve<\/span> Read More \u00bb<\/a><\/p>\n","protected":false},"author":1,"featured_media":0,"parent":0,"menu_order":0,"comment_status":"closed","ping_status":"closed","template":"","meta":{"inline_featured_image":false,"site-sidebar-layout":"no-sidebar","site-content-layout":"page-builder","ast-global-header-display":"","ast-main-header-display":"","ast-hfb-above-header-display":"","ast-hfb-below-header-display":"","ast-hfb-mobile-header-display":"","site-post-title":"disabled","ast-breadcrumbs-content":"","ast-featured-img":"disabled","footer-sml-layout":"","theme-transparent-header-meta":"default","adv-header-id-meta":"","stick-header-meta":"default","header-above-stick-meta":"","header-main-stick-meta":"","header-below-stick-meta":"","footnotes":""},"class_list":["post-1973","page","type-page","status-publish","hentry"],"yoast_head":"<!-- This site is optimized with the Yoast SEO plugin v19.10 - https:\/\/yoast.com\/wordpress\/plugins\/seo\/ -->\n<title>Information Sources - AwK - Adaptation with Knowledge, Climate Change<\/title>\n<meta name=\"robots\" content=\"index, follow, max-snippet:-1, max-image-preview:large, max-video-preview:-1\" \/>\n<link rel=\"canonical\" href=\"https:\/\/www.algarveadapta.pt\/en\/information-sources\/\" \/>\n<meta property=\"og:locale\" content=\"en_US\" \/>\n<meta property=\"og:type\" content=\"article\" \/>\n<meta property=\"og:title\" content=\"Information Sources - AwK - Adaptation with Knowledge, Climate Change\" \/>\n<meta property=\"og:description\" content=\"Where to get trustworthy information about climate change Climate change is an increasingly newsworthy phenomenon. To fight misinformation, it is essential to get information from reliable and scientifically accredited sources. Below are several information sources that can be useful at different scales. International: The Intergovernmental Panel on Climate Change (IPCC) is a reputable worldwide entity &hellip; Festa Algarve Read More \u00bb\" \/>\n<meta property=\"og:url\" content=\"https:\/\/www.algarveadapta.pt\/en\/information-sources\/\" \/>\n<meta property=\"og:site_name\" content=\"AwK - Adaptation with Knowledge, Climate Change\" \/>\n<meta property=\"article:modified_time\" content=\"2022-01-25T16:23:12+00:00\" \/>\n<meta name=\"twitter:card\" content=\"summary_large_image\" \/>\n<meta name=\"twitter:label1\" content=\"Est. reading time\" \/>\n\t<meta name=\"twitter:data1\" content=\"3 minutes\" \/>\n<script type=\"application\/ld+json\" class=\"yoast-schema-graph\">{\"@context\":\"https:\/\/schema.org\",\"@graph\":[{\"@type\":\"WebPage\",\"@id\":\"https:\/\/www.algarveadapta.pt\/en\/information-sources\/\",\"url\":\"https:\/\/www.algarveadapta.pt\/en\/information-sources\/\",\"name\":\"Information Sources - AwK - Adaptation with Knowledge, Climate Change\",\"isPartOf\":{\"@id\":\"https:\/\/www.algarveadapta.pt\/#website\"},\"datePublished\":\"2021-12-20T18:27:24+00:00\",\"dateModified\":\"2022-01-25T16:23:12+00:00\",\"breadcrumb\":{\"@id\":\"https:\/\/www.algarveadapta.pt\/en\/information-sources\/#breadcrumb\"},\"inLanguage\":\"en-US\",\"potentialAction\":[{\"@type\":\"ReadAction\",\"target\":[\"https:\/\/www.algarveadapta.pt\/en\/information-sources\/\"]}]},{\"@type\":\"BreadcrumbList\",\"@id\":\"https:\/\/www.algarveadapta.pt\/en\/information-sources\/#breadcrumb\",\"itemListElement\":[{\"@type\":\"ListItem\",\"position\":1,\"name\":\"In\u00edcio\",\"item\":\"https:\/\/www.algarveadapta.pt\/en\/\"},{\"@type\":\"ListItem\",\"position\":2,\"name\":\"Information Sources\"}]},{\"@type\":\"WebSite\",\"@id\":\"https:\/\/www.algarveadapta.pt\/#website\",\"url\":\"https:\/\/www.algarveadapta.pt\/\",\"name\":\"AwK - Adaptation with Knowledge, Climate Change\",\"description\":\"Este programa promove a Economia Circular, a descarboniza\u00e7\u00e3o da Sociedade e a valoriza\u00e7\u00e3o do territ\u00f3rio.\",\"publisher\":{\"@id\":\"https:\/\/www.algarveadapta.pt\/#organization\"},\"potentialAction\":[{\"@type\":\"SearchAction\",\"target\":{\"@type\":\"EntryPoint\",\"urlTemplate\":\"https:\/\/www.algarveadapta.pt\/?s={search_term_string}\"},\"query-input\":\"required name=search_term_string\"}],\"inLanguage\":\"en-US\"},{\"@type\":\"Organization\",\"@id\":\"https:\/\/www.algarveadapta.pt\/#organization\",\"name\":\"AwK - Adaptation with Knowledge, Climate Change\",\"url\":\"https:\/\/www.algarveadapta.pt\/\",\"logo\":{\"@type\":\"ImageObject\",\"inLanguage\":\"en-US\",\"@id\":\"https:\/\/www.algarveadapta.pt\/#\/schema\/logo\/image\/\",\"url\":\"https:\/\/www.algarveadapta.pt\/wp-content\/uploads\/2021\/09\/logo_200.png\",\"contentUrl\":\"https:\/\/www.algarveadapta.pt\/wp-content\/uploads\/2021\/09\/logo_200.png\",\"width\":200,\"height\":140,\"caption\":\"AwK - Adaptation with Knowledge, Climate Change\"},\"image\":{\"@id\":\"https:\/\/www.algarveadapta.pt\/#\/schema\/logo\/image\/\"}}]}<\/script>\n<!-- \/ Yoast SEO plugin. -->","yoast_head_json":{"title":"Information Sources - AwK - Adaptation with Knowledge, Climate Change","robots":{"index":"index","follow":"follow","max-snippet":"max-snippet:-1","max-image-preview":"max-image-preview:large","max-video-preview":"max-video-preview:-1"},"canonical":"https:\/\/www.algarveadapta.pt\/en\/information-sources\/","og_locale":"en_US","og_type":"article","og_title":"Information Sources - AwK - Adaptation with Knowledge, Climate Change","og_description":"Where to get trustworthy information about climate change Climate change is an increasingly newsworthy phenomenon. To fight misinformation, it is essential to get information from reliable and scientifically accredited sources. Below are several information sources that can be useful at different scales. International: The Intergovernmental Panel on Climate Change (IPCC) is a reputable worldwide entity &hellip; Festa Algarve Read More \u00bb","og_url":"https:\/\/www.algarveadapta.pt\/en\/information-sources\/","og_site_name":"AwK - Adaptation with Knowledge, Climate Change","article_modified_time":"2022-01-25T16:23:12+00:00","twitter_card":"summary_large_image","twitter_misc":{"Est. reading time":"3 minutes"},"schema":{"@context":"https:\/\/schema.org","@graph":[{"@type":"WebPage","@id":"https:\/\/www.algarveadapta.pt\/en\/information-sources\/","url":"https:\/\/www.algarveadapta.pt\/en\/information-sources\/","name":"Information Sources - AwK - Adaptation with Knowledge, Climate Change","isPartOf":{"@id":"https:\/\/www.algarveadapta.pt\/#website"},"datePublished":"2021-12-20T18:27:24+00:00","dateModified":"2022-01-25T16:23:12+00:00","breadcrumb":{"@id":"https:\/\/www.algarveadapta.pt\/en\/information-sources\/#breadcrumb"},"inLanguage":"en-US","potentialAction":[{"@type":"ReadAction","target":["https:\/\/www.algarveadapta.pt\/en\/information-sources\/"]}]},{"@type":"BreadcrumbList","@id":"https:\/\/www.algarveadapta.pt\/en\/information-sources\/#breadcrumb","itemListElement":[{"@type":"ListItem","position":1,"name":"In\u00edcio","item":"https:\/\/www.algarveadapta.pt\/en\/"},{"@type":"ListItem","position":2,"name":"Information Sources"}]},{"@type":"WebSite","@id":"https:\/\/www.algarveadapta.pt\/#website","url":"https:\/\/www.algarveadapta.pt\/","name":"AwK - Adaptation with Knowledge, Climate Change","description":"Este programa promove a Economia Circular, a descarboniza\u00e7\u00e3o da Sociedade e a valoriza\u00e7\u00e3o do territ\u00f3rio.","publisher":{"@id":"https:\/\/www.algarveadapta.pt\/#organization"},"potentialAction":[{"@type":"SearchAction","target":{"@type":"EntryPoint","urlTemplate":"https:\/\/www.algarveadapta.pt\/?s={search_term_string}"},"query-input":"required name=search_term_string"}],"inLanguage":"en-US"},{"@type":"Organization","@id":"https:\/\/www.algarveadapta.pt\/#organization","name":"AwK - Adaptation with Knowledge, Climate Change","url":"https:\/\/www.algarveadapta.pt\/","logo":{"@type":"ImageObject","inLanguage":"en-US","@id":"https:\/\/www.algarveadapta.pt\/#\/schema\/logo\/image\/","url":"https:\/\/www.algarveadapta.pt\/wp-content\/uploads\/2021\/09\/logo_200.png","contentUrl":"https:\/\/www.algarveadapta.pt\/wp-content\/uploads\/2021\/09\/logo_200.png","width":200,"height":140,"caption":"AwK - Adaptation with Knowledge, Climate Change"},"image":{"@id":"https:\/\/www.algarveadapta.pt\/#\/schema\/logo\/image\/"}}]}},"_links":{"self":[{"href":"https:\/\/www.algarveadapta.pt\/en\/wp-json\/wp\/v2\/pages\/1973","targetHints":{"allow":["GET"]}}],"collection":[{"href":"https:\/\/www.algarveadapta.pt\/en\/wp-json\/wp\/v2\/pages"}],"about":[{"href":"https:\/\/www.algarveadapta.pt\/en\/wp-json\/wp\/v2\/types\/page"}],"author":[{"embeddable":true,"href":"https:\/\/www.algarveadapta.pt\/en\/wp-json\/wp\/v2\/users\/1"}],"replies":[{"embeddable":true,"href":"https:\/\/www.algarveadapta.pt\/en\/wp-json\/wp\/v2\/comments?post=1973"}],"version-history":[{"count":24,"href":"https:\/\/www.algarveadapta.pt\/en\/wp-json\/wp\/v2\/pages\/1973\/revisions"}],"predecessor-version":[{"id":2461,"href":"https:\/\/www.algarveadapta.pt\/en\/wp-json\/wp\/v2\/pages\/1973\/revisions\/2461"}],"wp:attachment":[{"href":"https:\/\/www.algarveadapta.pt\/en\/wp-json\/wp\/v2\/media?parent=1973"}],"curies":[{"name":"wp","href":"https:\/\/api.w.org\/{rel}","templated":true}]}}