{"id":1965,"date":"2021-12-20T19:07:22","date_gmt":"2021-12-20T19:07:22","guid":{"rendered":"https:\/\/www.algarveadapta.pt\/adaptar-ou-mitigar\/"},"modified":"2022-01-25T13:12:52","modified_gmt":"2022-01-25T13:12:52","slug":"adaptation-or-mitigation","status":"publish","type":"page","link":"https:\/\/www.algarveadapta.pt\/en\/adaptation-or-mitigation\/","title":{"rendered":"Adaptation or Mitigation"},"content":{"rendered":"\t\t<div data-elementor-type=\"wp-page\" data-elementor-id=\"1965\" class=\"elementor elementor-1965\">\n\t\t\t\t\t\t\t\t\t<section class=\"elementor-section elementor-top-section elementor-element elementor-element-c83e6bc elementor-section-boxed elementor-section-height-default elementor-section-height-default\" data-id=\"c83e6bc\" data-element_type=\"section\" data-settings=\"{&quot;background_background&quot;:&quot;classic&quot;}\">\n\t\t\t\t\t\t<div class=\"elementor-container elementor-column-gap-default\">\n\t\t\t\t\t<div class=\"elementor-column elementor-col-100 elementor-top-column elementor-element elementor-element-a773cc6\" data-id=\"a773cc6\" data-element_type=\"column\" data-settings=\"{&quot;background_background&quot;:&quot;classic&quot;}\">\n\t\t\t<div class=\"elementor-widget-wrap elementor-element-populated\">\n\t\t\t\t\t\t\t\t<div class=\"elementor-element elementor-element-6d5a620 elementor-widget elementor-widget-menu-anchor\" data-id=\"6d5a620\" data-element_type=\"widget\" data-widget_type=\"menu-anchor.default\">\n\t\t\t\t<div class=\"elementor-widget-container\">\n\t\t\t\t\t<div id=\"antecedentes\" class=\"elementor-menu-anchor\"><\/div>\n\t\t\t\t<\/div>\n\t\t\t\t<\/div>\n\t\t\t\t<div class=\"elementor-element elementor-element-e419b85 elementor-widget elementor-widget-spacer\" data-id=\"e419b85\" data-element_type=\"widget\" data-widget_type=\"spacer.default\">\n\t\t\t\t<div class=\"elementor-widget-container\">\n\t\t\t\t\t<div class=\"elementor-spacer\">\n\t\t\t<div class=\"elementor-spacer-inner\"><\/div>\n\t\t<\/div>\n\t\t\t\t<\/div>\n\t\t\t\t<\/div>\n\t\t\t\t<div class=\"elementor-element elementor-element-f4ea58f elementor-widget elementor-widget-heading\" data-id=\"f4ea58f\" data-element_type=\"widget\" data-widget_type=\"heading.default\">\n\t\t\t\t<div class=\"elementor-widget-container\">\n\t\t\t<h2 class=\"elementor-heading-title elementor-size-default\">Adaptation or mitigation?<\/h2>\t\t<\/div>\n\t\t\t\t<\/div>\n\t\t\t\t<div class=\"elementor-element elementor-element-1066ae0 elementor-widget-divider--view-line elementor-widget elementor-widget-divider\" data-id=\"1066ae0\" data-element_type=\"widget\" data-widget_type=\"divider.default\">\n\t\t\t\t<div class=\"elementor-widget-container\">\n\t\t\t\t\t<div class=\"elementor-divider\">\n\t\t\t<span class=\"elementor-divider-separator\">\n\t\t\t\t\t\t<\/span>\n\t\t<\/div>\n\t\t\t\t<\/div>\n\t\t\t\t<\/div>\n\t\t\t\t<div class=\"elementor-element elementor-element-66eaa20 elementor-widget elementor-widget-spacer\" data-id=\"66eaa20\" data-element_type=\"widget\" data-widget_type=\"spacer.default\">\n\t\t\t\t<div class=\"elementor-widget-container\">\n\t\t\t\t\t<div class=\"elementor-spacer\">\n\t\t\t<div class=\"elementor-spacer-inner\"><\/div>\n\t\t<\/div>\n\t\t\t\t<\/div>\n\t\t\t\t<\/div>\n\t\t\t\t<div class=\"elementor-element elementor-element-3050ffa elementor-widget elementor-widget-text-editor\" data-id=\"3050ffa\" data-element_type=\"widget\" data-widget_type=\"text-editor.default\">\n\t\t\t\t<div class=\"elementor-widget-container\">\n\t\t\t\t\t\t\t<p><strong>Anthropogenic climate change<\/strong><span style=\"font-weight: 400;\">&nbsp;is caused by greenhouse gas (GHG) emissions and by land use changes, which greatly alter the atmosphere and consequently also alter the climate patterns; it is urgent to fight these changes.<br><br><\/span><\/p>\n<p><\/p>\n<p><b>Why mitigation?<\/b><\/p>\n<p><b>Mitigation<\/b><span style=\"font-weight: 400;\"> consists of reducing the emissions of GHG to the atmosphere. With the aim of preventing the most severe risks of climate change, particularly those that are irreversible, the countries that signed the Paris Agreement in 2015 compromised to limit global warming to well below 2 \u00b0C compared to pre-industrial levels, and to develop efforts to keep that warming to 1.5 \u00b0C. The current GHG emission trends show that reaching these goals is gradually becoming more difficult. There is not much room for maneuver left and emissions need to be drastically reduced in the next decades.<br><br><\/span><\/p>\n<p><\/p>\n<p><b>Isn\u2019t reducing emissions enough?<\/b><\/p>\n<p><span style=\"font-weight: 400;\">Let\u2019s consider the most optimistic scenario, in which GHG emissions are substantially reduced worldwide, reaching <\/span><b>carbon neutrality<\/b><span style=\"font-weight: 400;\"> (balance between carbon dioxide emissions and their absorption; also known as \u201cnet zero\u201d carbon). Ideally, there will also be a drastic reduction in the emission of other GHG, such as methane and nitrous oxide.<\/span><\/p>\n<p><span style=\"font-weight: 400;\">Even in this ideal situation of reduction in GHG emissions, we must not forget that <\/span><b>the atmosphere is an extremely complex system<\/b><span style=\"font-weight: 400;\"> and changes do not take effect immediately. In fact, regardless of the emission reduction that occurs from now on, changes caused by past emissions will still be felt for a very long time. For example, temperatures will continue to increase until the middle of the century, and the effects on oceans and sea level rise are irreversible in the next centuries or even millennia.<br><br><\/span><\/p>\n<p><\/p>\n<p><b>What is the purpose of adaptation?<\/b><\/p>\n<p><span style=\"font-weight: 400;\">Climate change adaptation emerged as a way to deal with the effects of unavoidable extreme climate events and their environmental, social and economic impacts. Through adaptation, it is possible to reduce or avoid damage, and at the same time take advantage of the beneficial opportunities caused by climate change.<\/span><\/p>\n<p><span style=\"font-weight: 400;\">When preventive measures are taken, it is possible to avoid many costs. Here are two examples:<\/span><\/p>\n<ul>\n<li style=\"font-weight: 400;\" aria-level=\"1\"><span style=\"font-weight: 400;\">A research by Feyen and Watkiss in 2011 showed that a 1 \u20ac investment in adaptation measures to prevent flooding can save an average of 6 \u20ac in damage costs;<\/span><\/li>\n<li style=\"font-weight: 400;\" aria-level=\"1\"><span style=\"font-weight: 400;\">Another study by Pappenberger <\/span><i><span style=\"font-weight: 400;\">et al <\/span><\/i><span style=\"font-weight: 400;\">in 2015 showed that investing in early warning systems can bring benefits of around 400 \u20ac for each 1 \u20ac invested.<\/span><\/li>\n<\/ul>\t\t\t\t\t\t<\/div>\n\t\t\t\t<\/div>\n\t\t\t\t\t<\/div>\n\t\t<\/div>\n\t\t\t\t\t\t\t<\/div>\n\t\t<\/section>\n\t\t\t\t<section class=\"elementor-section elementor-top-section elementor-element elementor-element-3300259 elementor-section-boxed elementor-section-height-default elementor-section-height-default\" data-id=\"3300259\" data-element_type=\"section\" data-settings=\"{&quot;background_background&quot;:&quot;classic&quot;}\">\n\t\t\t\t\t\t<div class=\"elementor-container elementor-column-gap-default\">\n\t\t\t\t\t<div class=\"elementor-column elementor-col-100 elementor-top-column elementor-element elementor-element-e4d4e3b\" data-id=\"e4d4e3b\" data-element_type=\"column\">\n\t\t\t<div class=\"elementor-widget-wrap elementor-element-populated\">\n\t\t\t\t\t\t\t\t<div class=\"elementor-element elementor-element-a243726 elementor-widget elementor-widget-text-editor\" data-id=\"a243726\" data-element_type=\"widget\" data-widget_type=\"text-editor.default\">\n\t\t\t\t<div class=\"elementor-widget-container\">\n\t\t\t\t\t\t\t<p><b>Should we mitigate or adapt then?<\/b><\/p><p><span style=\"font-weight: 400;\">Both processes should be implemented. They are very interconnected and even overlap in many cases. For example, energy saving or awareness-raising are both mitigation and adaptation measures.<\/span><\/p>\t\t\t\t\t\t<\/div>\n\t\t\t\t<\/div>\n\t\t\t\t<div class=\"elementor-element elementor-element-ac22e7b elementor-widget elementor-widget-image\" data-id=\"ac22e7b\" data-element_type=\"widget\" data-widget_type=\"image.default\">\n\t\t\t\t<div class=\"elementor-widget-container\">\n\t\t\t\t\t\t\t\t\t\t\t\t\t\t\t<img decoding=\"async\" src=\"https:\/\/www.algarveadapta.pt\/wp-content\/uploads\/elementor\/thumbs\/AdaptationMitigation-pj3icpbzjcoac1rivi6jxkywh51feh09r3e0lrlh6w.png\" title=\"AdaptationMitigation\" alt=\"AdaptationMitigation\" \/>\t\t\t\t\t\t\t\t\t\t\t\t\t\t\t<\/div>\n\t\t\t\t<\/div>\n\t\t\t\t<div class=\"elementor-element elementor-element-c732775 elementor-widget elementor-widget-text-editor\" data-id=\"c732775\" data-element_type=\"widget\" data-widget_type=\"text-editor.default\">\n\t\t\t\t<div class=\"elementor-widget-container\">\n\t\t\t\t\t\t\t<p><b>Mitigation and adaptation are essential and complementary processes to deal with climate change and safeguard the future of ecosystems, populations and economic activities.<\/b><\/p>\t\t\t\t\t\t<\/div>\n\t\t\t\t<\/div>\n\t\t\t\t\t<\/div>\n\t\t<\/div>\n\t\t\t\t\t\t\t<\/div>\n\t\t<\/section>\n\t\t\t\t<section class=\"elementor-section elementor-top-section elementor-element elementor-element-49394c9 elementor-section-content-middle elementor-section-boxed elementor-section-height-default elementor-section-height-default\" data-id=\"49394c9\" data-element_type=\"section\" data-settings=\"{&quot;background_background&quot;:&quot;classic&quot;,&quot;shape_divider_top&quot;:&quot;pyramids&quot;}\">\n\t\t\t\t\t<div class=\"elementor-shape elementor-shape-top\" data-negative=\"false\">\n\t\t\t<svg xmlns=\"http:\/\/www.w3.org\/2000\/svg\" viewBox=\"0 0 1000 100\" preserveAspectRatio=\"none\">\n\t<path class=\"elementor-shape-fill\" d=\"M761.9,44.1L643.1,27.2L333.8,98L0,3.8V0l1000,0v3.9\"\/>\n<\/svg>\t\t<\/div>\n\t\t\t\t\t<div class=\"elementor-container elementor-column-gap-default\">\n\t\t\t\t\t<div class=\"elementor-column elementor-col-50 elementor-top-column elementor-element elementor-element-f86961f\" data-id=\"f86961f\" data-element_type=\"column\">\n\t\t\t<div class=\"elementor-widget-wrap elementor-element-populated\">\n\t\t\t\t\t\t\t\t<div class=\"elementor-element elementor-element-ac99803 elementor-widget elementor-widget-text-editor\" data-id=\"ac99803\" data-element_type=\"widget\" data-widget_type=\"text-editor.default\">\n\t\t\t\t<div class=\"elementor-widget-container\">\n\t\t\t\t\t\t\t<p><span style=\"font-weight: 400;\">For more information about climate change visit our <\/span><strong>sources list<\/strong><span style=\"font-weight: 400;\">.<\/span><\/p>\t\t\t\t\t\t<\/div>\n\t\t\t\t<\/div>\n\t\t\t\t\t<\/div>\n\t\t<\/div>\n\t\t\t\t<div class=\"elementor-column elementor-col-50 elementor-top-column elementor-element elementor-element-9143c38\" data-id=\"9143c38\" data-element_type=\"column\">\n\t\t\t<div class=\"elementor-widget-wrap elementor-element-populated\">\n\t\t\t\t\t\t\t\t<div class=\"elementor-element elementor-element-62d646b elementor-widget elementor-widget-button\" data-id=\"62d646b\" data-element_type=\"widget\" data-widget_type=\"button.default\">\n\t\t\t\t<div class=\"elementor-widget-container\">\n\t\t\t\t\t<div class=\"elementor-button-wrapper\">\n\t\t\t<a href=\"https:\/\/www.algarveadapta.pt\/en\/information-sources\/\" class=\"elementor-button-link elementor-button elementor-size-sm\" role=\"button\">\n\t\t\t\t\t\t<span class=\"elementor-button-content-wrapper\">\n\t\t\t\t\t\t<span class=\"elementor-button-text\">Click here<\/span>\n\t\t<\/span>\n\t\t\t\t\t<\/a>\n\t\t<\/div>\n\t\t\t\t<\/div>\n\t\t\t\t<\/div>\n\t\t\t\t\t<\/div>\n\t\t<\/div>\n\t\t\t\t\t\t\t<\/div>\n\t\t<\/section>\n\t\t\t\t<section class=\"elementor-section elementor-top-section elementor-element elementor-element-8a3f1ca elementor-section-boxed elementor-section-height-default elementor-section-height-default\" data-id=\"8a3f1ca\" data-element_type=\"section\" data-settings=\"{&quot;background_background&quot;:&quot;classic&quot;}\">\n\t\t\t\t\t\t<div class=\"elementor-container elementor-column-gap-no\">\n\t\t\t\t\t<div class=\"elementor-column elementor-col-100 elementor-top-column elementor-element elementor-element-0e5dbba\" data-id=\"0e5dbba\" data-element_type=\"column\">\n\t\t\t<div class=\"elementor-widget-wrap elementor-element-populated\">\n\t\t\t\t\t\t\t\t<section class=\"elementor-section elementor-inner-section elementor-element elementor-element-4f31a19 elementor-hidden-desktop elementor-hidden-tablet elementor-hidden-mobile elementor-section-boxed elementor-section-height-default elementor-section-height-default\" data-id=\"4f31a19\" data-element_type=\"section\">\n\t\t\t\t\t\t<div class=\"elementor-container elementor-column-gap-no\">\n\t\t\t\t\t<div class=\"elementor-column elementor-col-50 elementor-inner-column elementor-element elementor-element-6b43265\" data-id=\"6b43265\" data-element_type=\"column\">\n\t\t\t<div class=\"elementor-widget-wrap elementor-element-populated\">\n\t\t\t\t\t\t\t\t<div class=\"elementor-element elementor-element-ad05111 elementor-widget elementor-widget-heading\" data-id=\"ad05111\" data-element_type=\"widget\" data-widget_type=\"heading.default\">\n\t\t\t\t<div class=\"elementor-widget-container\">\n\t\t\t<h2 class=\"elementor-heading-title elementor-size-default\">Not\u00edcias<\/h2>\t\t<\/div>\n\t\t\t\t<\/div>\n\t\t\t\t<div class=\"elementor-element elementor-element-30a2bde elementor-widget-divider--view-line elementor-widget elementor-widget-divider\" data-id=\"30a2bde\" data-element_type=\"widget\" data-widget_type=\"divider.default\">\n\t\t\t\t<div class=\"elementor-widget-container\">\n\t\t\t\t\t<div class=\"elementor-divider\">\n\t\t\t<span class=\"elementor-divider-separator\">\n\t\t\t\t\t\t<\/span>\n\t\t<\/div>\n\t\t\t\t<\/div>\n\t\t\t\t<\/div>\n\t\t\t\t\t<\/div>\n\t\t<\/div>\n\t\t\t\t<div class=\"elementor-column elementor-col-50 elementor-inner-column elementor-element elementor-element-e4a750f\" data-id=\"e4a750f\" data-element_type=\"column\">\n\t\t\t<div class=\"elementor-widget-wrap\">\n\t\t\t\t\t\t\t\t\t<\/div>\n\t\t<\/div>\n\t\t\t\t\t\t\t<\/div>\n\t\t<\/section>\n\t\t\t\t<div class=\"elementor-element elementor-element-759c3f4 elementor-hidden-desktop elementor-hidden-tablet elementor-hidden-mobile elementor-grid-3 elementor-grid-tablet-2 elementor-grid-mobile-1 elementor-posts--thumbnail-top elementor-card-shadow-yes elementor-posts__hover-gradient elementor-widget elementor-widget-posts\" data-id=\"759c3f4\" data-element_type=\"widget\" data-settings=\"{&quot;cards_columns&quot;:&quot;3&quot;,&quot;cards_columns_tablet&quot;:&quot;2&quot;,&quot;cards_columns_mobile&quot;:&quot;1&quot;,&quot;cards_row_gap&quot;:{&quot;unit&quot;:&quot;px&quot;,&quot;size&quot;:35,&quot;sizes&quot;:[]},&quot;cards_row_gap_tablet&quot;:{&quot;unit&quot;:&quot;px&quot;,&quot;size&quot;:&quot;&quot;,&quot;sizes&quot;:[]},&quot;cards_row_gap_mobile&quot;:{&quot;unit&quot;:&quot;px&quot;,&quot;size&quot;:&quot;&quot;,&quot;sizes&quot;:[]}}\" data-widget_type=\"posts.cards\">\n\t\t\t\t<div class=\"elementor-widget-container\">\n\t\t\t\t\t<div class=\"elementor-posts-container elementor-posts elementor-posts--skin-cards elementor-grid\">\n\t\t\t\t<article class=\"elementor-post elementor-grid-item post-2606 post type-post status-publish format-standard has-post-thumbnail hentry category-uncategorized\">\n\t\t\t<div class=\"elementor-post__card\">\n\t\t\t\t<a class=\"elementor-post__thumbnail__link\" href=\"https:\/\/www.algarveadapta.pt\/en\/festa-algarve\/\" ><div class=\"elementor-post__thumbnail\"><img loading=\"lazy\" decoding=\"async\" width=\"300\" height=\"200\" src=\"https:\/\/www.algarveadapta.pt\/wp-content\/uploads\/2021\/09\/post4-1-300x200.jpg\" class=\"attachment-medium size-medium\" alt=\"\" srcset=\"https:\/\/www.algarveadapta.pt\/wp-content\/uploads\/2021\/09\/post4-1-300x200.jpg 300w, https:\/\/www.algarveadapta.pt\/wp-content\/uploads\/2021\/09\/post4-1-768x513.jpg 768w, https:\/\/www.algarveadapta.pt\/wp-content\/uploads\/2021\/09\/post4-1.jpg 800w\" sizes=\"auto, (max-width: 300px) 100vw, 300px\" \/><\/div><\/a>\n\t\t\t\t<div class=\"elementor-post__text\">\n\t\t\t\t<h3 class=\"elementor-post__title\">\n\t\t\t<a href=\"https:\/\/www.algarveadapta.pt\/en\/festa-algarve\/\" >\n\t\t\t\tFesta Algarve\t\t\t<\/a>\n\t\t<\/h3>\n\t\t\t\t<div class=\"elementor-post__excerpt\">\n\t\t\t<p>Ing Adicione aqui o texto do seu t\u00edtulo Adicione aqui o texto do seu t\u00edtulo Share on facebook Facebook Share on twitter Twitter Share on linkedin LinkedIn<\/p>\n\t\t<\/div>\n\t\t\n\t\t<a class=\"elementor-post__read-more\" href=\"https:\/\/www.algarveadapta.pt\/en\/festa-algarve\/\" >\n\t\t\tLer Mais \u00bb\t\t<\/a>\n\n\t\t\t\t<\/div>\n\t\t\t\t<div class=\"elementor-post__meta-data\">\n\t\t\t\t\t<span class=\"elementor-post-date\">\n\t\t\t22 de February, 2022\t\t<\/span>\n\t\t\t\t<\/div>\n\t\t\t\t\t<\/div>\n\t\t<\/article>\n\t\t\t\t<\/div>\n\t\t\n\t\t\t\t<\/div>\n\t\t\t\t<\/div>\n\t\t\t\t\t<\/div>\n\t\t<\/div>\n\t\t\t\t\t\t\t<\/div>\n\t\t<\/section>\n\t\t\t\t\t\t\t<\/div>\n\t\t","protected":false},"excerpt":{"rendered":"<p>Adaptation or mitigation? Anthropogenic climate change&nbsp;is caused by greenhouse gas (GHG) emissions and by land use changes, which greatly alter the atmosphere and consequently also alter the climate patterns; it is urgent to fight these changes. Why mitigation? Mitigation consists of reducing the emissions of GHG to the atmosphere. With the aim of preventing the &hellip;<\/p>\n<p class=\"read-more\"> <a class=\"\" href=\"https:\/\/www.algarveadapta.pt\/en\/festa-algarve\/\"> <span class=\"screen-reader-text\">Festa Algarve<\/span> Read More \u00bb<\/a><\/p>\n","protected":false},"author":1,"featured_media":0,"parent":0,"menu_order":0,"comment_status":"closed","ping_status":"closed","template":"","meta":{"inline_featured_image":false,"site-sidebar-layout":"no-sidebar","site-content-layout":"page-builder","ast-global-header-display":"","ast-main-header-display":"","ast-hfb-above-header-display":"","ast-hfb-below-header-display":"","ast-hfb-mobile-header-display":"","site-post-title":"disabled","ast-breadcrumbs-content":"","ast-featured-img":"disabled","footer-sml-layout":"","theme-transparent-header-meta":"default","adv-header-id-meta":"","stick-header-meta":"default","header-above-stick-meta":"","header-main-stick-meta":"","header-below-stick-meta":"","footnotes":""},"class_list":["post-1965","page","type-page","status-publish","hentry"],"yoast_head":"<!-- This site is optimized with the Yoast SEO plugin v19.10 - https:\/\/yoast.com\/wordpress\/plugins\/seo\/ -->\n<title>Adaptation or Mitigation - AwK - Adaptation with Knowledge, Climate Change<\/title>\n<meta name=\"robots\" content=\"index, follow, max-snippet:-1, max-image-preview:large, max-video-preview:-1\" \/>\n<link rel=\"canonical\" href=\"https:\/\/www.algarveadapta.pt\/en\/adaptation-or-mitigation\/\" \/>\n<meta property=\"og:locale\" content=\"en_US\" \/>\n<meta property=\"og:type\" content=\"article\" \/>\n<meta property=\"og:title\" content=\"Adaptation or Mitigation - AwK - Adaptation with Knowledge, Climate Change\" \/>\n<meta property=\"og:description\" content=\"Adaptation or mitigation? Anthropogenic climate change&nbsp;is caused by greenhouse gas (GHG) emissions and by land use changes, which greatly alter the atmosphere and consequently also alter the climate patterns; it is urgent to fight these changes. Why mitigation? Mitigation consists of reducing the emissions of GHG to the atmosphere. With the aim of preventing the &hellip; Festa Algarve Read More \u00bb\" \/>\n<meta property=\"og:url\" content=\"https:\/\/www.algarveadapta.pt\/en\/adaptation-or-mitigation\/\" \/>\n<meta property=\"og:site_name\" content=\"AwK - Adaptation with Knowledge, Climate Change\" \/>\n<meta property=\"article:modified_time\" content=\"2022-01-25T13:12:52+00:00\" \/>\n<meta property=\"og:image\" content=\"https:\/\/www.algarveadapta.pt\/wp-content\/uploads\/elementor\/thumbs\/AdaptationMitigation-pj3icpbzjcoac1rivi6jxkywh51feh09r3e0lrlh76.png\" \/>\n<meta name=\"twitter:card\" content=\"summary_large_image\" \/>\n<meta name=\"twitter:label1\" content=\"Est. reading time\" \/>\n\t<meta name=\"twitter:data1\" content=\"3 minutes\" \/>\n<script type=\"application\/ld+json\" class=\"yoast-schema-graph\">{\"@context\":\"https:\/\/schema.org\",\"@graph\":[{\"@type\":\"WebPage\",\"@id\":\"https:\/\/www.algarveadapta.pt\/en\/adaptation-or-mitigation\/\",\"url\":\"https:\/\/www.algarveadapta.pt\/en\/adaptation-or-mitigation\/\",\"name\":\"Adaptation or Mitigation - AwK - Adaptation with Knowledge, Climate Change\",\"isPartOf\":{\"@id\":\"https:\/\/www.algarveadapta.pt\/#website\"},\"datePublished\":\"2021-12-20T19:07:22+00:00\",\"dateModified\":\"2022-01-25T13:12:52+00:00\",\"breadcrumb\":{\"@id\":\"https:\/\/www.algarveadapta.pt\/en\/adaptation-or-mitigation\/#breadcrumb\"},\"inLanguage\":\"en-US\",\"potentialAction\":[{\"@type\":\"ReadAction\",\"target\":[\"https:\/\/www.algarveadapta.pt\/en\/adaptation-or-mitigation\/\"]}]},{\"@type\":\"BreadcrumbList\",\"@id\":\"https:\/\/www.algarveadapta.pt\/en\/adaptation-or-mitigation\/#breadcrumb\",\"itemListElement\":[{\"@type\":\"ListItem\",\"position\":1,\"name\":\"In\u00edcio\",\"item\":\"https:\/\/www.algarveadapta.pt\/en\/\"},{\"@type\":\"ListItem\",\"position\":2,\"name\":\"Adaptation or Mitigation\"}]},{\"@type\":\"WebSite\",\"@id\":\"https:\/\/www.algarveadapta.pt\/#website\",\"url\":\"https:\/\/www.algarveadapta.pt\/\",\"name\":\"AwK - Adaptation with Knowledge, Climate Change\",\"description\":\"Este programa promove a Economia Circular, a descarboniza\u00e7\u00e3o da Sociedade e a valoriza\u00e7\u00e3o do territ\u00f3rio.\",\"publisher\":{\"@id\":\"https:\/\/www.algarveadapta.pt\/#organization\"},\"potentialAction\":[{\"@type\":\"SearchAction\",\"target\":{\"@type\":\"EntryPoint\",\"urlTemplate\":\"https:\/\/www.algarveadapta.pt\/?s={search_term_string}\"},\"query-input\":\"required name=search_term_string\"}],\"inLanguage\":\"en-US\"},{\"@type\":\"Organization\",\"@id\":\"https:\/\/www.algarveadapta.pt\/#organization\",\"name\":\"AwK - Adaptation with Knowledge, Climate Change\",\"url\":\"https:\/\/www.algarveadapta.pt\/\",\"logo\":{\"@type\":\"ImageObject\",\"inLanguage\":\"en-US\",\"@id\":\"https:\/\/www.algarveadapta.pt\/#\/schema\/logo\/image\/\",\"url\":\"https:\/\/www.algarveadapta.pt\/wp-content\/uploads\/2021\/09\/logo_200.png\",\"contentUrl\":\"https:\/\/www.algarveadapta.pt\/wp-content\/uploads\/2021\/09\/logo_200.png\",\"width\":200,\"height\":140,\"caption\":\"AwK - Adaptation with Knowledge, Climate Change\"},\"image\":{\"@id\":\"https:\/\/www.algarveadapta.pt\/#\/schema\/logo\/image\/\"}}]}<\/script>\n<!-- \/ Yoast SEO plugin. -->","yoast_head_json":{"title":"Adaptation or Mitigation - AwK - Adaptation with Knowledge, Climate Change","robots":{"index":"index","follow":"follow","max-snippet":"max-snippet:-1","max-image-preview":"max-image-preview:large","max-video-preview":"max-video-preview:-1"},"canonical":"https:\/\/www.algarveadapta.pt\/en\/adaptation-or-mitigation\/","og_locale":"en_US","og_type":"article","og_title":"Adaptation or Mitigation - AwK - Adaptation with Knowledge, Climate Change","og_description":"Adaptation or mitigation? Anthropogenic climate change&nbsp;is caused by greenhouse gas (GHG) emissions and by land use changes, which greatly alter the atmosphere and consequently also alter the climate patterns; it is urgent to fight these changes. Why mitigation? Mitigation consists of reducing the emissions of GHG to the atmosphere. With the aim of preventing the &hellip; Festa Algarve Read More \u00bb","og_url":"https:\/\/www.algarveadapta.pt\/en\/adaptation-or-mitigation\/","og_site_name":"AwK - Adaptation with Knowledge, Climate Change","article_modified_time":"2022-01-25T13:12:52+00:00","og_image":[{"url":"https:\/\/www.algarveadapta.pt\/wp-content\/uploads\/elementor\/thumbs\/AdaptationMitigation-pj3icpbzjcoac1rivi6jxkywh51feh09r3e0lrlh76.png"}],"twitter_card":"summary_large_image","twitter_misc":{"Est. reading time":"3 minutes"},"schema":{"@context":"https:\/\/schema.org","@graph":[{"@type":"WebPage","@id":"https:\/\/www.algarveadapta.pt\/en\/adaptation-or-mitigation\/","url":"https:\/\/www.algarveadapta.pt\/en\/adaptation-or-mitigation\/","name":"Adaptation or Mitigation - AwK - Adaptation with Knowledge, Climate Change","isPartOf":{"@id":"https:\/\/www.algarveadapta.pt\/#website"},"datePublished":"2021-12-20T19:07:22+00:00","dateModified":"2022-01-25T13:12:52+00:00","breadcrumb":{"@id":"https:\/\/www.algarveadapta.pt\/en\/adaptation-or-mitigation\/#breadcrumb"},"inLanguage":"en-US","potentialAction":[{"@type":"ReadAction","target":["https:\/\/www.algarveadapta.pt\/en\/adaptation-or-mitigation\/"]}]},{"@type":"BreadcrumbList","@id":"https:\/\/www.algarveadapta.pt\/en\/adaptation-or-mitigation\/#breadcrumb","itemListElement":[{"@type":"ListItem","position":1,"name":"In\u00edcio","item":"https:\/\/www.algarveadapta.pt\/en\/"},{"@type":"ListItem","position":2,"name":"Adaptation or Mitigation"}]},{"@type":"WebSite","@id":"https:\/\/www.algarveadapta.pt\/#website","url":"https:\/\/www.algarveadapta.pt\/","name":"AwK - Adaptation with Knowledge, Climate Change","description":"Este programa promove a Economia Circular, a descarboniza\u00e7\u00e3o da Sociedade e a valoriza\u00e7\u00e3o do territ\u00f3rio.","publisher":{"@id":"https:\/\/www.algarveadapta.pt\/#organization"},"potentialAction":[{"@type":"SearchAction","target":{"@type":"EntryPoint","urlTemplate":"https:\/\/www.algarveadapta.pt\/?s={search_term_string}"},"query-input":"required name=search_term_string"}],"inLanguage":"en-US"},{"@type":"Organization","@id":"https:\/\/www.algarveadapta.pt\/#organization","name":"AwK - Adaptation with Knowledge, Climate Change","url":"https:\/\/www.algarveadapta.pt\/","logo":{"@type":"ImageObject","inLanguage":"en-US","@id":"https:\/\/www.algarveadapta.pt\/#\/schema\/logo\/image\/","url":"https:\/\/www.algarveadapta.pt\/wp-content\/uploads\/2021\/09\/logo_200.png","contentUrl":"https:\/\/www.algarveadapta.pt\/wp-content\/uploads\/2021\/09\/logo_200.png","width":200,"height":140,"caption":"AwK - Adaptation with Knowledge, Climate Change"},"image":{"@id":"https:\/\/www.algarveadapta.pt\/#\/schema\/logo\/image\/"}}]}},"_links":{"self":[{"href":"https:\/\/www.algarveadapta.pt\/en\/wp-json\/wp\/v2\/pages\/1965","targetHints":{"allow":["GET"]}}],"collection":[{"href":"https:\/\/www.algarveadapta.pt\/en\/wp-json\/wp\/v2\/pages"}],"about":[{"href":"https:\/\/www.algarveadapta.pt\/en\/wp-json\/wp\/v2\/types\/page"}],"author":[{"embeddable":true,"href":"https:\/\/www.algarveadapta.pt\/en\/wp-json\/wp\/v2\/users\/1"}],"replies":[{"embeddable":true,"href":"https:\/\/www.algarveadapta.pt\/en\/wp-json\/wp\/v2\/comments?post=1965"}],"version-history":[{"count":30,"href":"https:\/\/www.algarveadapta.pt\/en\/wp-json\/wp\/v2\/pages\/1965\/revisions"}],"predecessor-version":[{"id":2635,"href":"https:\/\/www.algarveadapta.pt\/en\/wp-json\/wp\/v2\/pages\/1965\/revisions\/2635"}],"wp:attachment":[{"href":"https:\/\/www.algarveadapta.pt\/en\/wp-json\/wp\/v2\/media?parent=1965"}],"curies":[{"name":"wp","href":"https:\/\/api.w.org\/{rel}","templated":true}]}}